{"id":1228,"date":"2022-06-16T13:58:27","date_gmt":"2022-06-16T11:58:27","guid":{"rendered":"https:\/\/clotilde-dubouis.com\/?page_id=1228"},"modified":"2022-07-04T09:14:26","modified_gmt":"2022-07-04T07:14:26","slug":"la-fete-du-cinema","status":"publish","type":"page","link":"https:\/\/clotilde-dubouis.com\/index.php\/la-fete-du-cinema\/","title":{"rendered":"La f\u00eate du cin\u00e9ma"},"content":{"rendered":"\t\t<div data-elementor-type=\"wp-page\" data-elementor-id=\"1228\" class=\"elementor elementor-1228\">\n\t\t\t\t\t\t<section class=\"elementor-section elementor-top-section elementor-element elementor-element-689f9426 elementor-section-stretched elementor-section-boxed elementor-section-height-default elementor-section-height-default\" data-id=\"689f9426\" data-element_type=\"section\" data-settings=\"{&quot;stretch_section&quot;:&quot;section-stretched&quot;,&quot;background_background&quot;:&quot;classic&quot;}\">\n\t\t\t\t\t\t<div class=\"elementor-container elementor-column-gap-default\">\n\t\t\t\t\t<div class=\"elementor-column elementor-col-100 elementor-top-column elementor-element elementor-element-7fe2c2dd\" data-id=\"7fe2c2dd\" data-element_type=\"column\">\n\t\t\t<div class=\"elementor-widget-wrap elementor-element-populated\">\n\t\t\t\t\t\t<div class=\"elementor-element elementor-element-66684455 elementor-widget elementor-widget-spacer\" data-id=\"66684455\" data-element_type=\"widget\" data-widget_type=\"spacer.default\">\n\t\t\t\t<div class=\"elementor-widget-container\">\n\t\t\t\t\t<div class=\"elementor-spacer\">\n\t\t\t<div class=\"elementor-spacer-inner\"><\/div>\n\t\t<\/div>\n\t\t\t\t<\/div>\n\t\t\t\t<\/div>\n\t\t\t\t<div class=\"elementor-element elementor-element-1055da81 elementor-widget elementor-widget-text-editor\" data-id=\"1055da81\" data-element_type=\"widget\" data-widget_type=\"text-editor.default\">\n\t\t\t\t<div class=\"elementor-widget-container\">\n\t\t\t\t\t\t\t<p>Cr\u00e9ation d&rsquo;une\u00a0<strong>affiche\u00a0<\/strong>compos\u00e9e d&rsquo;\u00e9l\u00e9ments essentiellement faits \u00e0 la main en r\u00e9ponse \u00e0 un appel d&rsquo;offre pour la\u00a0<strong>f\u00eate du cin\u00e9ma<\/strong>.<\/p>\t\t\t\t\t\t<\/div>\n\t\t\t\t<\/div>\n\t\t\t\t\t<\/div>\n\t\t<\/div>\n\t\t\t\t\t<\/div>\n\t\t<\/section>\n\t\t\t\t<section class=\"elementor-section elementor-top-section elementor-element elementor-element-3dbde5d elementor-section-boxed elementor-section-height-default elementor-section-height-default\" data-id=\"3dbde5d\" data-element_type=\"section\">\n\t\t\t\t\t\t<div class=\"elementor-container elementor-column-gap-default\">\n\t\t\t\t\t<div class=\"elementor-column elementor-col-100 elementor-top-column elementor-element elementor-element-6e43d4c\" data-id=\"6e43d4c\" data-element_type=\"column\">\n\t\t\t<div class=\"elementor-widget-wrap elementor-element-populated\">\n\t\t\t\t\t\t<div class=\"elementor-element elementor-element-7938098 elementor-widget elementor-widget-spacer\" data-id=\"7938098\" data-element_type=\"widget\" data-widget_type=\"spacer.default\">\n\t\t\t\t<div class=\"elementor-widget-container\">\n\t\t\t\t\t<div class=\"elementor-spacer\">\n\t\t\t<div class=\"elementor-spacer-inner\"><\/div>\n\t\t<\/div>\n\t\t\t\t<\/div>\n\t\t\t\t<\/div>\n\t\t\t\t\t<\/div>\n\t\t<\/div>\n\t\t\t\t\t<\/div>\n\t\t<\/section>\n\t\t\t\t<section class=\"elementor-section elementor-top-section elementor-element elementor-element-2fac3ca7 elementor-section-boxed elementor-section-height-default elementor-section-height-default\" data-id=\"2fac3ca7\" data-element_type=\"section\">\n\t\t\t\t\t\t<div class=\"elementor-container elementor-column-gap-default\">\n\t\t\t\t\t<div class=\"elementor-column elementor-col-25 elementor-top-column elementor-element elementor-element-7ebc3e48\" data-id=\"7ebc3e48\" data-element_type=\"column\">\n\t\t\t<div class=\"elementor-widget-wrap\">\n\t\t\t\t\t\t\t<\/div>\n\t\t<\/div>\n\t\t\t\t<div class=\"elementor-column elementor-col-50 elementor-top-column elementor-element elementor-element-78684d5b\" data-id=\"78684d5b\" data-element_type=\"column\">\n\t\t\t<div class=\"elementor-widget-wrap elementor-element-populated\">\n\t\t\t\t\t\t<div class=\"elementor-element elementor-element-79a629fc animated-slow elementor-invisible elementor-widget elementor-widget-image\" data-id=\"79a629fc\" data-element_type=\"widget\" data-settings=\"{&quot;_animation&quot;:&quot;pulse&quot;}\" data-widget_type=\"image.default\">\n\t\t\t\t<div class=\"elementor-widget-container\">\n\t\t\t\t\t\t\t\t\t\t\t\t\t<img fetchpriority=\"high\" decoding=\"async\" width=\"722\" height=\"1024\" src=\"https:\/\/clotilde-dubouis.com\/wp-content\/uploads\/2022\/06\/affiche_fete_du_cinema--722x1024.jpg\" class=\"attachment-large size-large wp-image-1862\" alt=\"\" srcset=\"https:\/\/clotilde-dubouis.com\/wp-content\/uploads\/2022\/06\/affiche_fete_du_cinema--722x1024.jpg 722w, https:\/\/clotilde-dubouis.com\/wp-content\/uploads\/2022\/06\/affiche_fete_du_cinema--212x300.jpg 212w, https:\/\/clotilde-dubouis.com\/wp-content\/uploads\/2022\/06\/affiche_fete_du_cinema--768x1089.jpg 768w, https:\/\/clotilde-dubouis.com\/wp-content\/uploads\/2022\/06\/affiche_fete_du_cinema--1083x1536.jpg 1083w, https:\/\/clotilde-dubouis.com\/wp-content\/uploads\/2022\/06\/affiche_fete_du_cinema-.jpg 1200w\" sizes=\"(max-width: 722px) 100vw, 722px\" \/>\t\t\t\t\t\t\t\t\t\t\t\t\t<\/div>\n\t\t\t\t<\/div>\n\t\t\t\t\t<\/div>\n\t\t<\/div>\n\t\t\t\t<div class=\"elementor-column elementor-col-25 elementor-top-column elementor-element elementor-element-33a29d1f\" data-id=\"33a29d1f\" data-element_type=\"column\">\n\t\t\t<div class=\"elementor-widget-wrap\">\n\t\t\t\t\t\t\t<\/div>\n\t\t<\/div>\n\t\t\t\t\t<\/div>\n\t\t<\/section>\n\t\t\t\t<section class=\"elementor-section elementor-top-section elementor-element elementor-element-b9c2fb1 elementor-section-boxed elementor-section-height-default elementor-section-height-default\" data-id=\"b9c2fb1\" data-element_type=\"section\">\n\t\t\t\t\t\t<div class=\"elementor-container elementor-column-gap-default\">\n\t\t\t\t\t<div class=\"elementor-column elementor-col-25 elementor-top-column elementor-element elementor-element-16d850b\" data-id=\"16d850b\" data-element_type=\"column\">\n\t\t\t<div class=\"elementor-widget-wrap\">\n\t\t\t\t\t\t\t<\/div>\n\t\t<\/div>\n\t\t\t\t<div class=\"elementor-column elementor-col-50 elementor-top-column elementor-element elementor-element-c48234f\" data-id=\"c48234f\" data-element_type=\"column\">\n\t\t\t<div class=\"elementor-widget-wrap elementor-element-populated\">\n\t\t\t\t\t\t<div class=\"elementor-element elementor-element-06243f9 animated-slow elementor-invisible elementor-widget elementor-widget-image\" data-id=\"06243f9\" data-element_type=\"widget\" data-settings=\"{&quot;_animation&quot;:&quot;pulse&quot;}\" data-widget_type=\"image.default\">\n\t\t\t\t<div class=\"elementor-widget-container\">\n\t\t\t\t\t\t\t\t\t\t\t\t\t<img decoding=\"async\" width=\"800\" height=\"800\" src=\"https:\/\/clotilde-dubouis.com\/wp-content\/uploads\/2022\/06\/fete_du_cinema_visu.png\" class=\"attachment-large size-large wp-image-1236\" alt=\"\" srcset=\"https:\/\/clotilde-dubouis.com\/wp-content\/uploads\/2022\/06\/fete_du_cinema_visu.png 800w, https:\/\/clotilde-dubouis.com\/wp-content\/uploads\/2022\/06\/fete_du_cinema_visu-300x300.png 300w, https:\/\/clotilde-dubouis.com\/wp-content\/uploads\/2022\/06\/fete_du_cinema_visu-150x150.png 150w, https:\/\/clotilde-dubouis.com\/wp-content\/uploads\/2022\/06\/fete_du_cinema_visu-768x768.png 768w\" sizes=\"(max-width: 800px) 100vw, 800px\" \/>\t\t\t\t\t\t\t\t\t\t\t\t\t<\/div>\n\t\t\t\t<\/div>\n\t\t\t\t\t<\/div>\n\t\t<\/div>\n\t\t\t\t<div class=\"elementor-column elementor-col-25 elementor-top-column elementor-element elementor-element-4c38c72\" data-id=\"4c38c72\" data-element_type=\"column\">\n\t\t\t<div class=\"elementor-widget-wrap\">\n\t\t\t\t\t\t\t<\/div>\n\t\t<\/div>\n\t\t\t\t\t<\/div>\n\t\t<\/section>\n\t\t\t\t<section class=\"elementor-section elementor-top-section elementor-element elementor-element-7ac9dcfd elementor-section-boxed elementor-section-height-default elementor-section-height-default\" data-id=\"7ac9dcfd\" data-element_type=\"section\">\n\t\t\t\t\t\t<div class=\"elementor-container elementor-column-gap-default\">\n\t\t\t\t\t<div class=\"elementor-column elementor-col-100 elementor-top-column elementor-element elementor-element-6bd027d0\" data-id=\"6bd027d0\" data-element_type=\"column\">\n\t\t\t<div class=\"elementor-widget-wrap elementor-element-populated\">\n\t\t\t\t\t\t<div class=\"elementor-element elementor-element-79aeca67 elementor-widget elementor-widget-spacer\" data-id=\"79aeca67\" data-element_type=\"widget\" data-widget_type=\"spacer.default\">\n\t\t\t\t<div class=\"elementor-widget-container\">\n\t\t\t\t\t<div class=\"elementor-spacer\">\n\t\t\t<div class=\"elementor-spacer-inner\"><\/div>\n\t\t<\/div>\n\t\t\t\t<\/div>\n\t\t\t\t<\/div>\n\t\t\t\t<div class=\"elementor-element elementor-element-3fe046b6 elementor-align-center elementor-widget elementor-widget-button\" data-id=\"3fe046b6\" data-element_type=\"widget\" data-widget_type=\"button.default\">\n\t\t\t\t<div class=\"elementor-widget-container\">\n\t\t\t\t\t\t\t<div class=\"elementor-button-wrapper\">\n\t\t\t\t\t<a class=\"elementor-button elementor-button-link elementor-size-sm\" href=\"https:\/\/clotilde-dubouis.com\/index.php\/maison-jolivet\/\">\n\t\t\t\t\t\t<span class=\"elementor-button-content-wrapper\">\n\t\t\t\t\t\t\t\t\t<span class=\"elementor-button-text\">\u2192<\/span>\n\t\t\t\t\t<\/span>\n\t\t\t\t\t<\/a>\n\t\t\t\t<\/div>\n\t\t\t\t\t\t<\/div>\n\t\t\t\t<\/div>\n\t\t\t\t<div class=\"elementor-element elementor-element-518ac33e elementor-widget elementor-widget-spacer\" data-id=\"518ac33e\" data-element_type=\"widget\" data-widget_type=\"spacer.default\">\n\t\t\t\t<div class=\"elementor-widget-container\">\n\t\t\t\t\t<div class=\"elementor-spacer\">\n\t\t\t<div class=\"elementor-spacer-inner\"><\/div>\n\t\t<\/div>\n\t\t\t\t<\/div>\n\t\t\t\t<\/div>\n\t\t\t\t\t<\/div>\n\t\t<\/div>\n\t\t\t\t\t<\/div>\n\t\t<\/section>\n\t\t\t\t<\/div>\n\t\t","protected":false},"excerpt":{"rendered":"<p>Cr\u00e9ation d&rsquo;une\u00a0affiche\u00a0compos\u00e9e d&rsquo;\u00e9l\u00e9ments essentiellement faits \u00e0 la main en r\u00e9ponse \u00e0 un appel d&rsquo;offre pour la\u00a0f\u00eate du cin\u00e9ma. \u2192<\/p>\n","protected":false},"author":1,"featured_media":0,"parent":0,"menu_order":0,"comment_status":"closed","ping_status":"closed","template":"","meta":{"neve_meta_sidebar":"","neve_meta_container":"","neve_meta_enable_content_width":"","neve_meta_content_width":0,"neve_meta_title_alignment":"","neve_meta_author_avatar":"","neve_post_elements_order":"","neve_meta_disable_header":"","neve_meta_disable_footer":"","neve_meta_disable_title":"","_ti_tpc_template_sync":false,"_ti_tpc_template_id":"","footnotes":""},"class_list":["post-1228","page","type-page","status-publish","hentry"],"_links":{"self":[{"href":"https:\/\/clotilde-dubouis.com\/index.php\/wp-json\/wp\/v2\/pages\/1228","targetHints":{"allow":["GET"]}}],"collection":[{"href":"https:\/\/clotilde-dubouis.com\/index.php\/wp-json\/wp\/v2\/pages"}],"about":[{"href":"https:\/\/clotilde-dubouis.com\/index.php\/wp-json\/wp\/v2\/types\/page"}],"author":[{"embeddable":true,"href":"https:\/\/clotilde-dubouis.com\/index.php\/wp-json\/wp\/v2\/users\/1"}],"replies":[{"embeddable":true,"href":"https:\/\/clotilde-dubouis.com\/index.php\/wp-json\/wp\/v2\/comments?post=1228"}],"version-history":[{"count":25,"href":"https:\/\/clotilde-dubouis.com\/index.php\/wp-json\/wp\/v2\/pages\/1228\/revisions"}],"predecessor-version":[{"id":2670,"href":"https:\/\/clotilde-dubouis.com\/index.php\/wp-json\/wp\/v2\/pages\/1228\/revisions\/2670"}],"wp:attachment":[{"href":"https:\/\/clotilde-dubouis.com\/index.php\/wp-json\/wp\/v2\/media?parent=1228"}],"curies":[{"name":"wp","href":"https:\/\/api.w.org\/{rel}","templated":true}]}}