{"id":1866,"date":"2022-06-23T14:18:27","date_gmt":"2022-06-23T12:18:27","guid":{"rendered":"https:\/\/clotilde-dubouis.com\/?page_id=1866"},"modified":"2025-08-28T14:46:27","modified_gmt":"2025-08-28T12:46:27","slug":"cest-les-vacances","status":"publish","type":"page","link":"https:\/\/clotilde-dubouis.com\/index.php\/cest-les-vacances\/","title":{"rendered":"C&rsquo;est les vacances !"},"content":{"rendered":"\t\t<div data-elementor-type=\"wp-page\" data-elementor-id=\"1866\" class=\"elementor elementor-1866\">\n\t\t\t\t\t\t<section class=\"elementor-section elementor-top-section elementor-element elementor-element-147a9de5 elementor-section-stretched elementor-section-boxed elementor-section-height-default elementor-section-height-default\" data-id=\"147a9de5\" data-element_type=\"section\" data-settings=\"{&quot;stretch_section&quot;:&quot;section-stretched&quot;,&quot;background_background&quot;:&quot;classic&quot;}\">\n\t\t\t\t\t\t<div class=\"elementor-container elementor-column-gap-default\">\n\t\t\t\t\t<div class=\"elementor-column elementor-col-100 elementor-top-column elementor-element elementor-element-670e731a\" data-id=\"670e731a\" data-element_type=\"column\">\n\t\t\t<div class=\"elementor-widget-wrap elementor-element-populated\">\n\t\t\t\t\t\t<div class=\"elementor-element elementor-element-477d3000 elementor-widget elementor-widget-spacer\" data-id=\"477d3000\" data-element_type=\"widget\" data-widget_type=\"spacer.default\">\n\t\t\t\t<div class=\"elementor-widget-container\">\n\t\t\t\t\t<div class=\"elementor-spacer\">\n\t\t\t<div class=\"elementor-spacer-inner\"><\/div>\n\t\t<\/div>\n\t\t\t\t<\/div>\n\t\t\t\t<\/div>\n\t\t\t\t<div class=\"elementor-element elementor-element-202d06b9 elementor-widget elementor-widget-text-editor\" data-id=\"202d06b9\" data-element_type=\"widget\" data-widget_type=\"text-editor.default\">\n\t\t\t\t<div class=\"elementor-widget-container\">\n\t\t\t\t\t\t\t<p>Cr\u00e9ation d&rsquo;une s\u00e9rie de petites sc\u00e8nes en <strong>motion design<\/strong>\u00a0sur le th\u00e8me des\u00a0<strong>vacances\u00a0<\/strong>\u00e0 partir\u00a0<strong>d&rsquo;\u00e9l\u00e9ments\u00a0<\/strong>(personnages, objets, d\u00e9cors)\u00a0<strong>vectoriels<\/strong>.<\/p>\t\t\t\t\t\t<\/div>\n\t\t\t\t<\/div>\n\t\t\t\t\t<\/div>\n\t\t<\/div>\n\t\t\t\t\t<\/div>\n\t\t<\/section>\n\t\t\t\t<section class=\"elementor-section elementor-top-section elementor-element elementor-element-8edebb2 elementor-section-boxed elementor-section-height-default elementor-section-height-default\" data-id=\"8edebb2\" data-element_type=\"section\">\n\t\t\t\t\t\t<div class=\"elementor-container elementor-column-gap-default\">\n\t\t\t\t\t<div class=\"elementor-column elementor-col-100 elementor-top-column elementor-element elementor-element-683126a\" data-id=\"683126a\" data-element_type=\"column\">\n\t\t\t<div class=\"elementor-widget-wrap elementor-element-populated\">\n\t\t\t\t\t\t<div class=\"elementor-element elementor-element-37fe173 elementor-widget elementor-widget-spacer\" data-id=\"37fe173\" data-element_type=\"widget\" data-widget_type=\"spacer.default\">\n\t\t\t\t<div class=\"elementor-widget-container\">\n\t\t\t\t\t<div class=\"elementor-spacer\">\n\t\t\t<div class=\"elementor-spacer-inner\"><\/div>\n\t\t<\/div>\n\t\t\t\t<\/div>\n\t\t\t\t<\/div>\n\t\t\t\t\t<\/div>\n\t\t<\/div>\n\t\t\t\t\t<\/div>\n\t\t<\/section>\n\t\t\t\t<section class=\"elementor-section elementor-top-section elementor-element elementor-element-112b903 elementor-section-boxed elementor-section-height-default elementor-section-height-default\" data-id=\"112b903\" data-element_type=\"section\">\n\t\t\t\t\t\t<div class=\"elementor-container elementor-column-gap-default\">\n\t\t\t\t\t<div class=\"elementor-column elementor-col-100 elementor-top-column elementor-element elementor-element-703c42d\" data-id=\"703c42d\" data-element_type=\"column\">\n\t\t\t<div class=\"elementor-widget-wrap elementor-element-populated\">\n\t\t\t\t\t\t<div class=\"elementor-element elementor-element-ad3ceff elementor-widget elementor-widget-video\" data-id=\"ad3ceff\" data-element_type=\"widget\" data-settings=\"{&quot;video_type&quot;:&quot;hosted&quot;,&quot;controls&quot;:&quot;yes&quot;}\" data-widget_type=\"video.default\">\n\t\t\t\t<div class=\"elementor-widget-container\">\n\t\t\t\t\t<div class=\"e-hosted-video elementor-wrapper elementor-open-inline\">\n\t\t\t\t\t<video class=\"elementor-video\" src=\"http:\/\/clotilde-dubouis.com\/wp-content\/uploads\/2022\/06\/scene-1-bonne-version.mov\" controls=\"\" preload=\"metadata\" controlsList=\"nodownload\"><\/video>\n\t\t\t\t<\/div>\n\t\t\t\t<\/div>\n\t\t\t\t<\/div>\n\t\t\t\t\t<\/div>\n\t\t<\/div>\n\t\t\t\t\t<\/div>\n\t\t<\/section>\n\t\t\t\t<section class=\"elementor-section elementor-top-section elementor-element elementor-element-33a75f5a elementor-section-boxed elementor-section-height-default elementor-section-height-default\" data-id=\"33a75f5a\" data-element_type=\"section\">\n\t\t\t\t\t\t<div class=\"elementor-container elementor-column-gap-default\">\n\t\t\t\t\t<div class=\"elementor-column elementor-col-33 elementor-top-column elementor-element elementor-element-d034dea\" data-id=\"d034dea\" data-element_type=\"column\">\n\t\t\t<div class=\"elementor-widget-wrap elementor-element-populated\">\n\t\t\t\t\t\t<div class=\"elementor-element elementor-element-62e0056f animated-slow elementor-invisible elementor-widget elementor-widget-image\" data-id=\"62e0056f\" data-element_type=\"widget\" data-settings=\"{&quot;_animation&quot;:&quot;pulse&quot;}\" data-widget_type=\"image.default\">\n\t\t\t\t<div class=\"elementor-widget-container\">\n\t\t\t\t\t\t\t\t\t\t\t\t\t<img fetchpriority=\"high\" decoding=\"async\" width=\"800\" height=\"800\" src=\"https:\/\/clotilde-dubouis.com\/wp-content\/uploads\/2022\/06\/personnage-avec-feuilles.png\" class=\"attachment-large size-large wp-image-1883\" alt=\"\" srcset=\"https:\/\/clotilde-dubouis.com\/wp-content\/uploads\/2022\/06\/personnage-avec-feuilles.png 800w, https:\/\/clotilde-dubouis.com\/wp-content\/uploads\/2022\/06\/personnage-avec-feuilles-300x300.png 300w, https:\/\/clotilde-dubouis.com\/wp-content\/uploads\/2022\/06\/personnage-avec-feuilles-150x150.png 150w, https:\/\/clotilde-dubouis.com\/wp-content\/uploads\/2022\/06\/personnage-avec-feuilles-768x768.png 768w\" sizes=\"(max-width: 800px) 100vw, 800px\" \/>\t\t\t\t\t\t\t\t\t\t\t\t\t<\/div>\n\t\t\t\t<\/div>\n\t\t\t\t\t<\/div>\n\t\t<\/div>\n\t\t\t\t<div class=\"elementor-column elementor-col-33 elementor-top-column elementor-element elementor-element-711f10d5\" data-id=\"711f10d5\" data-element_type=\"column\">\n\t\t\t<div class=\"elementor-widget-wrap elementor-element-populated\">\n\t\t\t\t\t\t<div class=\"elementor-element elementor-element-1ae57d8e animated-slow elementor-invisible elementor-widget elementor-widget-image\" data-id=\"1ae57d8e\" data-element_type=\"widget\" data-settings=\"{&quot;_animation&quot;:&quot;pulse&quot;}\" data-widget_type=\"image.default\">\n\t\t\t\t<div class=\"elementor-widget-container\">\n\t\t\t\t\t\t\t\t\t\t\t\t\t<img decoding=\"async\" width=\"800\" height=\"800\" src=\"https:\/\/clotilde-dubouis.com\/wp-content\/uploads\/2022\/06\/surf.png\" class=\"attachment-large size-large wp-image-1884\" alt=\"\" srcset=\"https:\/\/clotilde-dubouis.com\/wp-content\/uploads\/2022\/06\/surf.png 800w, https:\/\/clotilde-dubouis.com\/wp-content\/uploads\/2022\/06\/surf-300x300.png 300w, https:\/\/clotilde-dubouis.com\/wp-content\/uploads\/2022\/06\/surf-150x150.png 150w, https:\/\/clotilde-dubouis.com\/wp-content\/uploads\/2022\/06\/surf-768x768.png 768w\" sizes=\"(max-width: 800px) 100vw, 800px\" \/>\t\t\t\t\t\t\t\t\t\t\t\t\t<\/div>\n\t\t\t\t<\/div>\n\t\t\t\t\t<\/div>\n\t\t<\/div>\n\t\t\t\t<div class=\"elementor-column elementor-col-33 elementor-top-column elementor-element elementor-element-1edf09b\" data-id=\"1edf09b\" data-element_type=\"column\">\n\t\t\t<div class=\"elementor-widget-wrap elementor-element-populated\">\n\t\t\t\t\t\t<div class=\"elementor-element elementor-element-b6f78e8 animated-slow elementor-invisible elementor-widget elementor-widget-image\" data-id=\"b6f78e8\" data-element_type=\"widget\" data-settings=\"{&quot;_animation&quot;:&quot;pulse&quot;}\" data-widget_type=\"image.default\">\n\t\t\t\t<div class=\"elementor-widget-container\">\n\t\t\t\t\t\t\t\t\t\t\t\t\t<img decoding=\"async\" width=\"800\" height=\"800\" src=\"https:\/\/clotilde-dubouis.com\/wp-content\/uploads\/2022\/06\/personnage-ukulele.png\" class=\"attachment-large size-large wp-image-1880\" alt=\"\" srcset=\"https:\/\/clotilde-dubouis.com\/wp-content\/uploads\/2022\/06\/personnage-ukulele.png 800w, https:\/\/clotilde-dubouis.com\/wp-content\/uploads\/2022\/06\/personnage-ukulele-300x300.png 300w, https:\/\/clotilde-dubouis.com\/wp-content\/uploads\/2022\/06\/personnage-ukulele-150x150.png 150w, https:\/\/clotilde-dubouis.com\/wp-content\/uploads\/2022\/06\/personnage-ukulele-768x768.png 768w\" sizes=\"(max-width: 800px) 100vw, 800px\" \/>\t\t\t\t\t\t\t\t\t\t\t\t\t<\/div>\n\t\t\t\t<\/div>\n\t\t\t\t\t<\/div>\n\t\t<\/div>\n\t\t\t\t\t<\/div>\n\t\t<\/section>\n\t\t\t\t<section class=\"elementor-section elementor-top-section elementor-element elementor-element-8ea8719 elementor-section-boxed elementor-section-height-default elementor-section-height-default\" data-id=\"8ea8719\" data-element_type=\"section\">\n\t\t\t\t\t\t<div class=\"elementor-container elementor-column-gap-default\">\n\t\t\t\t\t<div class=\"elementor-column elementor-col-100 elementor-top-column elementor-element elementor-element-7045cf6\" data-id=\"7045cf6\" data-element_type=\"column\">\n\t\t\t<div class=\"elementor-widget-wrap elementor-element-populated\">\n\t\t\t\t\t\t<div class=\"elementor-element elementor-element-348b573 elementor-widget elementor-widget-video\" data-id=\"348b573\" data-element_type=\"widget\" data-settings=\"{&quot;video_type&quot;:&quot;hosted&quot;,&quot;controls&quot;:&quot;yes&quot;}\" data-widget_type=\"video.default\">\n\t\t\t\t<div class=\"elementor-widget-container\">\n\t\t\t\t\t<div class=\"e-hosted-video elementor-wrapper elementor-open-inline\">\n\t\t\t\t\t<video class=\"elementor-video\" src=\"http:\/\/clotilde-dubouis.com\/wp-content\/uploads\/2022\/06\/scene-2-bonne-version.mov\" controls=\"\" preload=\"metadata\" controlsList=\"nodownload\"><\/video>\n\t\t\t\t<\/div>\n\t\t\t\t<\/div>\n\t\t\t\t<\/div>\n\t\t\t\t\t<\/div>\n\t\t<\/div>\n\t\t\t\t\t<\/div>\n\t\t<\/section>\n\t\t\t\t<section class=\"elementor-section elementor-top-section elementor-element elementor-element-44f06e4 elementor-section-boxed elementor-section-height-default elementor-section-height-default\" data-id=\"44f06e4\" data-element_type=\"section\">\n\t\t\t\t\t\t<div class=\"elementor-container elementor-column-gap-default\">\n\t\t\t\t\t<div class=\"elementor-column elementor-col-50 elementor-top-column elementor-element elementor-element-8f169e4\" data-id=\"8f169e4\" data-element_type=\"column\">\n\t\t\t<div class=\"elementor-widget-wrap elementor-element-populated\">\n\t\t\t\t\t\t<div class=\"elementor-element elementor-element-43b40688 animated-slow elementor-invisible elementor-widget elementor-widget-image\" data-id=\"43b40688\" data-element_type=\"widget\" data-settings=\"{&quot;_animation&quot;:&quot;pulse&quot;}\" data-widget_type=\"image.default\">\n\t\t\t\t<div class=\"elementor-widget-container\">\n\t\t\t\t\t\t\t\t\t\t\t\t\t<img loading=\"lazy\" decoding=\"async\" width=\"1024\" height=\"731\" src=\"https:\/\/clotilde-dubouis.com\/wp-content\/uploads\/2022\/06\/CartePostalHorizontale7--1024x731.jpg\" class=\"attachment-large size-large wp-image-1873\" alt=\"\" srcset=\"https:\/\/clotilde-dubouis.com\/wp-content\/uploads\/2022\/06\/CartePostalHorizontale7--1024x731.jpg 1024w, https:\/\/clotilde-dubouis.com\/wp-content\/uploads\/2022\/06\/CartePostalHorizontale7--300x214.jpg 300w, https:\/\/clotilde-dubouis.com\/wp-content\/uploads\/2022\/06\/CartePostalHorizontale7--768x548.jpg 768w, https:\/\/clotilde-dubouis.com\/wp-content\/uploads\/2022\/06\/CartePostalHorizontale7-.jpg 1500w\" sizes=\"(max-width: 1024px) 100vw, 1024px\" \/>\t\t\t\t\t\t\t\t\t\t\t\t\t<\/div>\n\t\t\t\t<\/div>\n\t\t\t\t\t<\/div>\n\t\t<\/div>\n\t\t\t\t<div class=\"elementor-column elementor-col-50 elementor-top-column elementor-element elementor-element-b48ea4b\" data-id=\"b48ea4b\" data-element_type=\"column\">\n\t\t\t<div class=\"elementor-widget-wrap elementor-element-populated\">\n\t\t\t\t\t\t<div class=\"elementor-element elementor-element-90d5714 animated-slow elementor-invisible elementor-widget elementor-widget-image\" data-id=\"90d5714\" data-element_type=\"widget\" data-settings=\"{&quot;_animation&quot;:&quot;pulse&quot;}\" data-widget_type=\"image.default\">\n\t\t\t\t<div class=\"elementor-widget-container\">\n\t\t\t\t\t\t\t\t\t\t\t\t\t<img loading=\"lazy\" decoding=\"async\" width=\"1024\" height=\"731\" src=\"https:\/\/clotilde-dubouis.com\/wp-content\/uploads\/2022\/06\/CartePostalHorizontale9-1-1-1024x731.jpg\" class=\"attachment-large size-large wp-image-1877\" alt=\"\" srcset=\"https:\/\/clotilde-dubouis.com\/wp-content\/uploads\/2022\/06\/CartePostalHorizontale9-1-1-1024x731.jpg 1024w, https:\/\/clotilde-dubouis.com\/wp-content\/uploads\/2022\/06\/CartePostalHorizontale9-1-1-300x214.jpg 300w, https:\/\/clotilde-dubouis.com\/wp-content\/uploads\/2022\/06\/CartePostalHorizontale9-1-1-768x548.jpg 768w, https:\/\/clotilde-dubouis.com\/wp-content\/uploads\/2022\/06\/CartePostalHorizontale9-1-1.jpg 1500w\" sizes=\"(max-width: 1024px) 100vw, 1024px\" \/>\t\t\t\t\t\t\t\t\t\t\t\t\t<\/div>\n\t\t\t\t<\/div>\n\t\t\t\t\t<\/div>\n\t\t<\/div>\n\t\t\t\t\t<\/div>\n\t\t<\/section>\n\t\t\t\t<section class=\"elementor-section elementor-top-section elementor-element elementor-element-1eff2cc5 elementor-section-boxed elementor-section-height-default elementor-section-height-default\" data-id=\"1eff2cc5\" data-element_type=\"section\">\n\t\t\t\t\t\t<div class=\"elementor-container elementor-column-gap-default\">\n\t\t\t\t\t<div class=\"elementor-column elementor-col-100 elementor-top-column elementor-element elementor-element-55c3a054\" data-id=\"55c3a054\" data-element_type=\"column\">\n\t\t\t<div class=\"elementor-widget-wrap elementor-element-populated\">\n\t\t\t\t\t\t<div class=\"elementor-element elementor-element-3c40cae4 elementor-widget elementor-widget-spacer\" data-id=\"3c40cae4\" data-element_type=\"widget\" data-widget_type=\"spacer.default\">\n\t\t\t\t<div class=\"elementor-widget-container\">\n\t\t\t\t\t<div class=\"elementor-spacer\">\n\t\t\t<div class=\"elementor-spacer-inner\"><\/div>\n\t\t<\/div>\n\t\t\t\t<\/div>\n\t\t\t\t<\/div>\n\t\t\t\t<div class=\"elementor-element elementor-element-69bed3cb elementor-align-center elementor-widget elementor-widget-button\" data-id=\"69bed3cb\" data-element_type=\"widget\" data-widget_type=\"button.default\">\n\t\t\t\t<div class=\"elementor-widget-container\">\n\t\t\t\t\t\t\t<div class=\"elementor-button-wrapper\">\n\t\t\t\t\t<a class=\"elementor-button elementor-button-link elementor-size-sm\" href=\"https:\/\/clotilde-dubouis.com\/index.php\/dot-dogz\/\">\n\t\t\t\t\t\t<span class=\"elementor-button-content-wrapper\">\n\t\t\t\t\t\t\t\t\t<span class=\"elementor-button-text\">\u2192<\/span>\n\t\t\t\t\t<\/span>\n\t\t\t\t\t<\/a>\n\t\t\t\t<\/div>\n\t\t\t\t\t\t<\/div>\n\t\t\t\t<\/div>\n\t\t\t\t<div class=\"elementor-element elementor-element-71846660 elementor-widget elementor-widget-spacer\" data-id=\"71846660\" data-element_type=\"widget\" data-widget_type=\"spacer.default\">\n\t\t\t\t<div class=\"elementor-widget-container\">\n\t\t\t\t\t<div class=\"elementor-spacer\">\n\t\t\t<div class=\"elementor-spacer-inner\"><\/div>\n\t\t<\/div>\n\t\t\t\t<\/div>\n\t\t\t\t<\/div>\n\t\t\t\t\t<\/div>\n\t\t<\/div>\n\t\t\t\t\t<\/div>\n\t\t<\/section>\n\t\t\t\t<\/div>\n\t\t","protected":false},"excerpt":{"rendered":"<p>Cr\u00e9ation d&rsquo;une s\u00e9rie de petites sc\u00e8nes en motion design\u00a0sur le th\u00e8me des\u00a0vacances\u00a0\u00e0 partir\u00a0d&rsquo;\u00e9l\u00e9ments\u00a0(personnages, objets, d\u00e9cors)\u00a0vectoriels. http:\/\/clotilde-dubouis.com\/wp-content\/uploads\/2022\/06\/scene-1-bonne-version.mov http:\/\/clotilde-dubouis.com\/wp-content\/uploads\/2022\/06\/scene-2-bonne-version.mov \u2192<\/p>\n","protected":false},"author":1,"featured_media":0,"parent":0,"menu_order":0,"comment_status":"closed","ping_status":"closed","template":"","meta":{"neve_meta_sidebar":"","neve_meta_container":"","neve_meta_enable_content_width":"","neve_meta_content_width":0,"neve_meta_title_alignment":"","neve_meta_author_avatar":"","neve_post_elements_order":"","neve_meta_disable_header":"","neve_meta_disable_footer":"","neve_meta_disable_title":"","_ti_tpc_template_sync":false,"_ti_tpc_template_id":"","footnotes":""},"class_list":["post-1866","page","type-page","status-publish","hentry"],"_links":{"self":[{"href":"https:\/\/clotilde-dubouis.com\/index.php\/wp-json\/wp\/v2\/pages\/1866","targetHints":{"allow":["GET"]}}],"collection":[{"href":"https:\/\/clotilde-dubouis.com\/index.php\/wp-json\/wp\/v2\/pages"}],"about":[{"href":"https:\/\/clotilde-dubouis.com\/index.php\/wp-json\/wp\/v2\/types\/page"}],"author":[{"embeddable":true,"href":"https:\/\/clotilde-dubouis.com\/index.php\/wp-json\/wp\/v2\/users\/1"}],"replies":[{"embeddable":true,"href":"https:\/\/clotilde-dubouis.com\/index.php\/wp-json\/wp\/v2\/comments?post=1866"}],"version-history":[{"count":22,"href":"https:\/\/clotilde-dubouis.com\/index.php\/wp-json\/wp\/v2\/pages\/1866\/revisions"}],"predecessor-version":[{"id":3553,"href":"https:\/\/clotilde-dubouis.com\/index.php\/wp-json\/wp\/v2\/pages\/1866\/revisions\/3553"}],"wp:attachment":[{"href":"https:\/\/clotilde-dubouis.com\/index.php\/wp-json\/wp\/v2\/media?parent=1866"}],"curies":[{"name":"wp","href":"https:\/\/api.w.org\/{rel}","templated":true}]}}