{"id":2278,"date":"2022-06-29T13:57:15","date_gmt":"2022-06-29T11:57:15","guid":{"rendered":"https:\/\/clotilde-dubouis.com\/?page_id=2278"},"modified":"2022-07-04T10:15:21","modified_gmt":"2022-07-04T08:15:21","slug":"alienor","status":"publish","type":"page","link":"https:\/\/clotilde-dubouis.com\/index.php\/alienor\/","title":{"rendered":"Ali\u00e9nor !"},"content":{"rendered":"\t\t<div data-elementor-type=\"wp-page\" data-elementor-id=\"2278\" class=\"elementor elementor-2278\">\n\t\t\t\t\t\t<section class=\"elementor-section elementor-top-section elementor-element elementor-element-1c35f723 elementor-section-stretched elementor-section-boxed elementor-section-height-default elementor-section-height-default\" data-id=\"1c35f723\" data-element_type=\"section\" data-settings=\"{&quot;stretch_section&quot;:&quot;section-stretched&quot;,&quot;background_background&quot;:&quot;classic&quot;}\">\n\t\t\t\t\t\t<div class=\"elementor-container elementor-column-gap-default\">\n\t\t\t\t\t<div class=\"elementor-column elementor-col-100 elementor-top-column elementor-element elementor-element-7ca8a1de\" data-id=\"7ca8a1de\" data-element_type=\"column\">\n\t\t\t<div class=\"elementor-widget-wrap elementor-element-populated\">\n\t\t\t\t\t\t<div class=\"elementor-element elementor-element-17badf83 elementor-widget elementor-widget-spacer\" data-id=\"17badf83\" data-element_type=\"widget\" data-widget_type=\"spacer.default\">\n\t\t\t\t<div class=\"elementor-widget-container\">\n\t\t\t\t\t<div class=\"elementor-spacer\">\n\t\t\t<div class=\"elementor-spacer-inner\"><\/div>\n\t\t<\/div>\n\t\t\t\t<\/div>\n\t\t\t\t<\/div>\n\t\t\t\t<div class=\"elementor-element elementor-element-663201fd elementor-widget elementor-widget-text-editor\" data-id=\"663201fd\" data-element_type=\"widget\" data-widget_type=\"text-editor.default\">\n\t\t\t\t<div class=\"elementor-widget-container\">\n\t\t\t\t\t\t\t<p style=\"text-align: center;\">Cr\u00e9ation de\u00a0<strong>plusieurs supports de communication<\/strong>\u00a0pour le\u00a0<strong>lancement d\u2019activit\u00e9\u00a0<\/strong>d\u2019Ali\u00e9nor, marque de <strong>l\u00e9gumes lactoferment\u00e9s<\/strong>.<\/p>\t\t\t\t\t\t<\/div>\n\t\t\t\t<\/div>\n\t\t\t\t\t<\/div>\n\t\t<\/div>\n\t\t\t\t\t<\/div>\n\t\t<\/section>\n\t\t\t\t<section class=\"elementor-section elementor-top-section elementor-element elementor-element-595e8bd elementor-section-boxed elementor-section-height-default elementor-section-height-default\" data-id=\"595e8bd\" data-element_type=\"section\">\n\t\t\t\t\t\t<div class=\"elementor-container elementor-column-gap-default\">\n\t\t\t\t\t<div class=\"elementor-column elementor-col-25 elementor-top-column elementor-element elementor-element-810cce3\" data-id=\"810cce3\" data-element_type=\"column\">\n\t\t\t<div class=\"elementor-widget-wrap\">\n\t\t\t\t\t\t\t<\/div>\n\t\t<\/div>\n\t\t\t\t<div class=\"elementor-column elementor-col-50 elementor-top-column elementor-element elementor-element-a12f502\" data-id=\"a12f502\" data-element_type=\"column\">\n\t\t\t<div class=\"elementor-widget-wrap elementor-element-populated\">\n\t\t\t\t\t\t<div class=\"elementor-element elementor-element-f7ae712 animated-slow elementor-invisible elementor-widget elementor-widget-image\" data-id=\"f7ae712\" data-element_type=\"widget\" data-settings=\"{&quot;_animation&quot;:&quot;pulse&quot;}\" data-widget_type=\"image.default\">\n\t\t\t\t<div class=\"elementor-widget-container\">\n\t\t\t\t\t\t\t\t\t\t\t\t\t<img fetchpriority=\"high\" decoding=\"async\" width=\"1024\" height=\"1024\" src=\"https:\/\/clotilde-dubouis.com\/wp-content\/uploads\/2022\/06\/Jam-Jar-Mockup-1024x1024.png\" class=\"attachment-large size-large wp-image-2287\" alt=\"\" srcset=\"https:\/\/clotilde-dubouis.com\/wp-content\/uploads\/2022\/06\/Jam-Jar-Mockup-1024x1024.png 1024w, https:\/\/clotilde-dubouis.com\/wp-content\/uploads\/2022\/06\/Jam-Jar-Mockup-300x300.png 300w, https:\/\/clotilde-dubouis.com\/wp-content\/uploads\/2022\/06\/Jam-Jar-Mockup-150x150.png 150w, https:\/\/clotilde-dubouis.com\/wp-content\/uploads\/2022\/06\/Jam-Jar-Mockup-768x768.png 768w, https:\/\/clotilde-dubouis.com\/wp-content\/uploads\/2022\/06\/Jam-Jar-Mockup.png 1200w\" sizes=\"(max-width: 1024px) 100vw, 1024px\" \/>\t\t\t\t\t\t\t\t\t\t\t\t\t<\/div>\n\t\t\t\t<\/div>\n\t\t\t\t\t<\/div>\n\t\t<\/div>\n\t\t\t\t<div class=\"elementor-column elementor-col-25 elementor-top-column elementor-element elementor-element-7ce7dd1\" data-id=\"7ce7dd1\" data-element_type=\"column\">\n\t\t\t<div class=\"elementor-widget-wrap\">\n\t\t\t\t\t\t\t<\/div>\n\t\t<\/div>\n\t\t\t\t\t<\/div>\n\t\t<\/section>\n\t\t\t\t<section class=\"elementor-section elementor-top-section elementor-element elementor-element-7e8e860f elementor-section-boxed elementor-section-height-default elementor-section-height-default\" data-id=\"7e8e860f\" data-element_type=\"section\">\n\t\t\t\t\t\t<div class=\"elementor-container elementor-column-gap-default\">\n\t\t\t\t\t<div class=\"elementor-column elementor-col-16 elementor-top-column elementor-element elementor-element-13d57285\" data-id=\"13d57285\" data-element_type=\"column\">\n\t\t\t<div class=\"elementor-widget-wrap elementor-element-populated\">\n\t\t\t\t\t\t<div class=\"elementor-element elementor-element-1e07d1d1 animated-slow elementor-invisible elementor-widget elementor-widget-image\" data-id=\"1e07d1d1\" data-element_type=\"widget\" data-settings=\"{&quot;_animation&quot;:&quot;pulse&quot;}\" data-widget_type=\"image.default\">\n\t\t\t\t<div class=\"elementor-widget-container\">\n\t\t\t\t\t\t\t\t\t\t\t\t\t<img decoding=\"async\" width=\"341\" height=\"1024\" src=\"https:\/\/clotilde-dubouis.com\/wp-content\/uploads\/2022\/06\/EtiquettesAlienor-1--341x1024.png\" class=\"attachment-large size-large wp-image-2291\" alt=\"\" srcset=\"https:\/\/clotilde-dubouis.com\/wp-content\/uploads\/2022\/06\/EtiquettesAlienor-1--341x1024.png 341w, https:\/\/clotilde-dubouis.com\/wp-content\/uploads\/2022\/06\/EtiquettesAlienor-1--100x300.png 100w, https:\/\/clotilde-dubouis.com\/wp-content\/uploads\/2022\/06\/EtiquettesAlienor-1--511x1536.png 511w, https:\/\/clotilde-dubouis.com\/wp-content\/uploads\/2022\/06\/EtiquettesAlienor-1-.png 595w\" sizes=\"(max-width: 341px) 100vw, 341px\" \/>\t\t\t\t\t\t\t\t\t\t\t\t\t<\/div>\n\t\t\t\t<\/div>\n\t\t\t\t\t<\/div>\n\t\t<\/div>\n\t\t\t\t<div class=\"elementor-column elementor-col-16 elementor-top-column elementor-element elementor-element-af37271\" data-id=\"af37271\" data-element_type=\"column\">\n\t\t\t<div class=\"elementor-widget-wrap elementor-element-populated\">\n\t\t\t\t\t\t<div class=\"elementor-element elementor-element-3442412 animated-slow elementor-invisible elementor-widget elementor-widget-image\" data-id=\"3442412\" data-element_type=\"widget\" data-settings=\"{&quot;_animation&quot;:&quot;pulse&quot;}\" data-widget_type=\"image.default\">\n\t\t\t\t<div class=\"elementor-widget-container\">\n\t\t\t\t\t\t\t\t\t\t\t\t\t<img decoding=\"async\" width=\"341\" height=\"1024\" src=\"https:\/\/clotilde-dubouis.com\/wp-content\/uploads\/2022\/06\/EtiquettesAlienor-2--341x1024.png\" class=\"attachment-large size-large wp-image-2292\" alt=\"\" srcset=\"https:\/\/clotilde-dubouis.com\/wp-content\/uploads\/2022\/06\/EtiquettesAlienor-2--341x1024.png 341w, https:\/\/clotilde-dubouis.com\/wp-content\/uploads\/2022\/06\/EtiquettesAlienor-2--100x300.png 100w, https:\/\/clotilde-dubouis.com\/wp-content\/uploads\/2022\/06\/EtiquettesAlienor-2--511x1536.png 511w, https:\/\/clotilde-dubouis.com\/wp-content\/uploads\/2022\/06\/EtiquettesAlienor-2-.png 595w\" sizes=\"(max-width: 341px) 100vw, 341px\" \/>\t\t\t\t\t\t\t\t\t\t\t\t\t<\/div>\n\t\t\t\t<\/div>\n\t\t\t\t\t<\/div>\n\t\t<\/div>\n\t\t\t\t<div class=\"elementor-column elementor-col-16 elementor-top-column elementor-element elementor-element-2e824f5d\" data-id=\"2e824f5d\" data-element_type=\"column\">\n\t\t\t<div class=\"elementor-widget-wrap elementor-element-populated\">\n\t\t\t\t\t\t<div class=\"elementor-element elementor-element-3662be4d animated-slow elementor-invisible elementor-widget elementor-widget-image\" data-id=\"3662be4d\" data-element_type=\"widget\" data-settings=\"{&quot;_animation&quot;:&quot;pulse&quot;}\" data-widget_type=\"image.default\">\n\t\t\t\t<div class=\"elementor-widget-container\">\n\t\t\t\t\t\t\t\t\t\t\t\t\t<img loading=\"lazy\" decoding=\"async\" width=\"341\" height=\"1024\" src=\"https:\/\/clotilde-dubouis.com\/wp-content\/uploads\/2022\/06\/EtiquettesAlienor-3--341x1024.png\" class=\"attachment-large size-large wp-image-2293\" alt=\"\" srcset=\"https:\/\/clotilde-dubouis.com\/wp-content\/uploads\/2022\/06\/EtiquettesAlienor-3--341x1024.png 341w, https:\/\/clotilde-dubouis.com\/wp-content\/uploads\/2022\/06\/EtiquettesAlienor-3--100x300.png 100w, https:\/\/clotilde-dubouis.com\/wp-content\/uploads\/2022\/06\/EtiquettesAlienor-3--511x1536.png 511w, https:\/\/clotilde-dubouis.com\/wp-content\/uploads\/2022\/06\/EtiquettesAlienor-3-.png 595w\" sizes=\"(max-width: 341px) 100vw, 341px\" \/>\t\t\t\t\t\t\t\t\t\t\t\t\t<\/div>\n\t\t\t\t<\/div>\n\t\t\t\t\t<\/div>\n\t\t<\/div>\n\t\t\t\t<div class=\"elementor-column elementor-col-16 elementor-top-column elementor-element elementor-element-f9923e8\" data-id=\"f9923e8\" data-element_type=\"column\">\n\t\t\t<div class=\"elementor-widget-wrap elementor-element-populated\">\n\t\t\t\t\t\t<div class=\"elementor-element elementor-element-6ac1084 animated-slow elementor-invisible elementor-widget elementor-widget-image\" data-id=\"6ac1084\" data-element_type=\"widget\" data-settings=\"{&quot;_animation&quot;:&quot;pulse&quot;}\" data-widget_type=\"image.default\">\n\t\t\t\t<div class=\"elementor-widget-container\">\n\t\t\t\t\t\t\t\t\t\t\t\t\t<img loading=\"lazy\" decoding=\"async\" width=\"341\" height=\"1024\" src=\"https:\/\/clotilde-dubouis.com\/wp-content\/uploads\/2022\/06\/EtiquettesAlienor-5--341x1024.png\" class=\"attachment-large size-large wp-image-2295\" alt=\"\" srcset=\"https:\/\/clotilde-dubouis.com\/wp-content\/uploads\/2022\/06\/EtiquettesAlienor-5--341x1024.png 341w, https:\/\/clotilde-dubouis.com\/wp-content\/uploads\/2022\/06\/EtiquettesAlienor-5--100x300.png 100w, https:\/\/clotilde-dubouis.com\/wp-content\/uploads\/2022\/06\/EtiquettesAlienor-5--511x1536.png 511w, https:\/\/clotilde-dubouis.com\/wp-content\/uploads\/2022\/06\/EtiquettesAlienor-5-.png 595w\" sizes=\"(max-width: 341px) 100vw, 341px\" \/>\t\t\t\t\t\t\t\t\t\t\t\t\t<\/div>\n\t\t\t\t<\/div>\n\t\t\t\t\t<\/div>\n\t\t<\/div>\n\t\t\t\t<div class=\"elementor-column elementor-col-16 elementor-top-column elementor-element elementor-element-3908b15\" data-id=\"3908b15\" data-element_type=\"column\">\n\t\t\t<div class=\"elementor-widget-wrap elementor-element-populated\">\n\t\t\t\t\t\t<div class=\"elementor-element elementor-element-11d37a0 animated-slow elementor-invisible elementor-widget elementor-widget-image\" data-id=\"11d37a0\" data-element_type=\"widget\" data-settings=\"{&quot;_animation&quot;:&quot;pulse&quot;}\" data-widget_type=\"image.default\">\n\t\t\t\t<div class=\"elementor-widget-container\">\n\t\t\t\t\t\t\t\t\t\t\t\t\t<img loading=\"lazy\" decoding=\"async\" width=\"341\" height=\"1024\" src=\"https:\/\/clotilde-dubouis.com\/wp-content\/uploads\/2022\/06\/EtiquettesAlienor-6--341x1024.png\" class=\"attachment-large size-large wp-image-2296\" alt=\"\" srcset=\"https:\/\/clotilde-dubouis.com\/wp-content\/uploads\/2022\/06\/EtiquettesAlienor-6--341x1024.png 341w, https:\/\/clotilde-dubouis.com\/wp-content\/uploads\/2022\/06\/EtiquettesAlienor-6--100x300.png 100w, https:\/\/clotilde-dubouis.com\/wp-content\/uploads\/2022\/06\/EtiquettesAlienor-6--511x1536.png 511w, https:\/\/clotilde-dubouis.com\/wp-content\/uploads\/2022\/06\/EtiquettesAlienor-6-.png 595w\" sizes=\"(max-width: 341px) 100vw, 341px\" \/>\t\t\t\t\t\t\t\t\t\t\t\t\t<\/div>\n\t\t\t\t<\/div>\n\t\t\t\t\t<\/div>\n\t\t<\/div>\n\t\t\t\t<div class=\"elementor-column elementor-col-16 elementor-top-column elementor-element elementor-element-22243701\" data-id=\"22243701\" data-element_type=\"column\">\n\t\t\t<div class=\"elementor-widget-wrap elementor-element-populated\">\n\t\t\t\t\t\t<div class=\"elementor-element elementor-element-382e158a animated-slow elementor-invisible elementor-widget elementor-widget-image\" data-id=\"382e158a\" data-element_type=\"widget\" data-settings=\"{&quot;_animation&quot;:&quot;pulse&quot;}\" data-widget_type=\"image.default\">\n\t\t\t\t<div class=\"elementor-widget-container\">\n\t\t\t\t\t\t\t\t\t\t\t\t\t<img loading=\"lazy\" decoding=\"async\" width=\"341\" height=\"1024\" src=\"https:\/\/clotilde-dubouis.com\/wp-content\/uploads\/2022\/06\/EtiquettesAlienor-8--341x1024.png\" class=\"attachment-large size-large wp-image-2298\" alt=\"\" srcset=\"https:\/\/clotilde-dubouis.com\/wp-content\/uploads\/2022\/06\/EtiquettesAlienor-8--341x1024.png 341w, https:\/\/clotilde-dubouis.com\/wp-content\/uploads\/2022\/06\/EtiquettesAlienor-8--100x300.png 100w, https:\/\/clotilde-dubouis.com\/wp-content\/uploads\/2022\/06\/EtiquettesAlienor-8--511x1536.png 511w, https:\/\/clotilde-dubouis.com\/wp-content\/uploads\/2022\/06\/EtiquettesAlienor-8-.png 595w\" sizes=\"(max-width: 341px) 100vw, 341px\" \/>\t\t\t\t\t\t\t\t\t\t\t\t\t<\/div>\n\t\t\t\t<\/div>\n\t\t\t\t\t<\/div>\n\t\t<\/div>\n\t\t\t\t\t<\/div>\n\t\t<\/section>\n\t\t\t\t<section class=\"elementor-section elementor-top-section elementor-element elementor-element-67fac030 elementor-section-boxed elementor-section-height-default elementor-section-height-default\" data-id=\"67fac030\" data-element_type=\"section\">\n\t\t\t\t\t\t<div class=\"elementor-container elementor-column-gap-default\">\n\t\t\t\t\t<div class=\"elementor-column elementor-col-25 elementor-top-column elementor-element elementor-element-3f388bb9\" data-id=\"3f388bb9\" data-element_type=\"column\">\n\t\t\t<div class=\"elementor-widget-wrap\">\n\t\t\t\t\t\t\t<\/div>\n\t\t<\/div>\n\t\t\t\t<div class=\"elementor-column elementor-col-50 elementor-top-column elementor-element elementor-element-5efd2b3e\" data-id=\"5efd2b3e\" data-element_type=\"column\">\n\t\t\t<div class=\"elementor-widget-wrap elementor-element-populated\">\n\t\t\t\t\t\t<div class=\"elementor-element elementor-element-27910d87 animated-slow elementor-invisible elementor-widget elementor-widget-image\" data-id=\"27910d87\" data-element_type=\"widget\" data-settings=\"{&quot;_animation&quot;:&quot;pulse&quot;}\" data-widget_type=\"image.default\">\n\t\t\t\t<div class=\"elementor-widget-container\">\n\t\t\t\t\t\t\t\t\t\t\t\t\t<img loading=\"lazy\" decoding=\"async\" width=\"1024\" height=\"737\" src=\"https:\/\/clotilde-dubouis.com\/wp-content\/uploads\/2022\/06\/v968-17d-02-mockup--1024x737.png\" class=\"attachment-large size-large wp-image-2286\" alt=\"\" srcset=\"https:\/\/clotilde-dubouis.com\/wp-content\/uploads\/2022\/06\/v968-17d-02-mockup--1024x737.png 1024w, https:\/\/clotilde-dubouis.com\/wp-content\/uploads\/2022\/06\/v968-17d-02-mockup--300x216.png 300w, https:\/\/clotilde-dubouis.com\/wp-content\/uploads\/2022\/06\/v968-17d-02-mockup--768x553.png 768w, https:\/\/clotilde-dubouis.com\/wp-content\/uploads\/2022\/06\/v968-17d-02-mockup-.png 1200w\" sizes=\"(max-width: 1024px) 100vw, 1024px\" \/>\t\t\t\t\t\t\t\t\t\t\t\t\t<\/div>\n\t\t\t\t<\/div>\n\t\t\t\t\t<\/div>\n\t\t<\/div>\n\t\t\t\t<div class=\"elementor-column elementor-col-25 elementor-top-column elementor-element elementor-element-736dd76\" data-id=\"736dd76\" data-element_type=\"column\">\n\t\t\t<div class=\"elementor-widget-wrap\">\n\t\t\t\t\t\t\t<\/div>\n\t\t<\/div>\n\t\t\t\t\t<\/div>\n\t\t<\/section>\n\t\t\t\t<section class=\"elementor-section elementor-top-section elementor-element elementor-element-6cfb569f elementor-section-boxed elementor-section-height-default elementor-section-height-default\" data-id=\"6cfb569f\" data-element_type=\"section\">\n\t\t\t\t\t\t<div class=\"elementor-container elementor-column-gap-default\">\n\t\t\t\t\t<div class=\"elementor-column elementor-col-100 elementor-top-column elementor-element elementor-element-1bb67511\" data-id=\"1bb67511\" data-element_type=\"column\">\n\t\t\t<div class=\"elementor-widget-wrap elementor-element-populated\">\n\t\t\t\t\t\t<div class=\"elementor-element elementor-element-203a7457 elementor-widget elementor-widget-spacer\" data-id=\"203a7457\" data-element_type=\"widget\" data-widget_type=\"spacer.default\">\n\t\t\t\t<div class=\"elementor-widget-container\">\n\t\t\t\t\t<div class=\"elementor-spacer\">\n\t\t\t<div class=\"elementor-spacer-inner\"><\/div>\n\t\t<\/div>\n\t\t\t\t<\/div>\n\t\t\t\t<\/div>\n\t\t\t\t<div class=\"elementor-element elementor-element-489b8ed9 elementor-align-center elementor-widget elementor-widget-button\" data-id=\"489b8ed9\" data-element_type=\"widget\" data-widget_type=\"button.default\">\n\t\t\t\t<div class=\"elementor-widget-container\">\n\t\t\t\t\t\t\t<div class=\"elementor-button-wrapper\">\n\t\t\t\t\t<a class=\"elementor-button elementor-button-link elementor-size-sm\" href=\"https:\/\/clotilde-dubouis.com\/index.php\/collages-du-tarmac\/\">\n\t\t\t\t\t\t<span class=\"elementor-button-content-wrapper\">\n\t\t\t\t\t\t\t\t\t<span class=\"elementor-button-text\">\u2192<\/span>\n\t\t\t\t\t<\/span>\n\t\t\t\t\t<\/a>\n\t\t\t\t<\/div>\n\t\t\t\t\t\t<\/div>\n\t\t\t\t<\/div>\n\t\t\t\t<div class=\"elementor-element elementor-element-3f3901b0 elementor-widget elementor-widget-spacer\" data-id=\"3f3901b0\" data-element_type=\"widget\" data-widget_type=\"spacer.default\">\n\t\t\t\t<div class=\"elementor-widget-container\">\n\t\t\t\t\t<div class=\"elementor-spacer\">\n\t\t\t<div class=\"elementor-spacer-inner\"><\/div>\n\t\t<\/div>\n\t\t\t\t<\/div>\n\t\t\t\t<\/div>\n\t\t\t\t\t<\/div>\n\t\t<\/div>\n\t\t\t\t\t<\/div>\n\t\t<\/section>\n\t\t\t\t<\/div>\n\t\t","protected":false},"excerpt":{"rendered":"<p>Cr\u00e9ation de\u00a0plusieurs supports de communication\u00a0pour le\u00a0lancement d\u2019activit\u00e9\u00a0d\u2019Ali\u00e9nor, marque de l\u00e9gumes lactoferment\u00e9s. \u2192<\/p>\n","protected":false},"author":1,"featured_media":0,"parent":0,"menu_order":0,"comment_status":"closed","ping_status":"closed","template":"","meta":{"neve_meta_sidebar":"","neve_meta_container":"","neve_meta_enable_content_width":"","neve_meta_content_width":0,"neve_meta_title_alignment":"","neve_meta_author_avatar":"","neve_post_elements_order":"","neve_meta_disable_header":"","neve_meta_disable_footer":"","neve_meta_disable_title":"","_ti_tpc_template_sync":false,"_ti_tpc_template_id":"","footnotes":""},"class_list":["post-2278","page","type-page","status-publish","hentry"],"_links":{"self":[{"href":"https:\/\/clotilde-dubouis.com\/index.php\/wp-json\/wp\/v2\/pages\/2278","targetHints":{"allow":["GET"]}}],"collection":[{"href":"https:\/\/clotilde-dubouis.com\/index.php\/wp-json\/wp\/v2\/pages"}],"about":[{"href":"https:\/\/clotilde-dubouis.com\/index.php\/wp-json\/wp\/v2\/types\/page"}],"author":[{"embeddable":true,"href":"https:\/\/clotilde-dubouis.com\/index.php\/wp-json\/wp\/v2\/users\/1"}],"replies":[{"embeddable":true,"href":"https:\/\/clotilde-dubouis.com\/index.php\/wp-json\/wp\/v2\/comments?post=2278"}],"version-history":[{"count":19,"href":"https:\/\/clotilde-dubouis.com\/index.php\/wp-json\/wp\/v2\/pages\/2278\/revisions"}],"predecessor-version":[{"id":2687,"href":"https:\/\/clotilde-dubouis.com\/index.php\/wp-json\/wp\/v2\/pages\/2278\/revisions\/2687"}],"wp:attachment":[{"href":"https:\/\/clotilde-dubouis.com\/index.php\/wp-json\/wp\/v2\/media?parent=2278"}],"curies":[{"name":"wp","href":"https:\/\/api.w.org\/{rel}","templated":true}]}}