{"id":3,"date":"2022-06-09T17:03:33","date_gmt":"2022-06-09T15:03:33","guid":{"rendered":"http:\/\/clotilde-dubouis.com\/?page_id=3"},"modified":"2022-07-04T14:03:03","modified_gmt":"2022-07-04T12:03:03","slug":"mentions-legales","status":"publish","type":"page","link":"https:\/\/clotilde-dubouis.com\/index.php\/mentions-legales\/","title":{"rendered":"Mentions l\u00e9gales"},"content":{"rendered":"\t\t<div data-elementor-type=\"wp-page\" data-elementor-id=\"3\" class=\"elementor elementor-3\">\n\t\t\t\t\t\t<section class=\"elementor-section elementor-top-section elementor-element elementor-element-32e67c81 elementor-section-boxed elementor-section-height-default elementor-section-height-default\" data-id=\"32e67c81\" data-element_type=\"section\">\n\t\t\t\t\t\t<div class=\"elementor-container elementor-column-gap-default\">\n\t\t\t\t\t<div class=\"elementor-column elementor-col-100 elementor-top-column elementor-element elementor-element-1a3c508d\" data-id=\"1a3c508d\" data-element_type=\"column\">\n\t\t\t<div class=\"elementor-widget-wrap\">\n\t\t\t\t\t\t\t<\/div>\n\t\t<\/div>\n\t\t\t\t\t<\/div>\n\t\t<\/section>\n\t\t\t\t<section class=\"elementor-section elementor-top-section elementor-element elementor-element-91c7ce2 elementor-section-boxed elementor-section-height-default elementor-section-height-default\" data-id=\"91c7ce2\" data-element_type=\"section\">\n\t\t\t\t\t\t<div class=\"elementor-container elementor-column-gap-default\">\n\t\t\t\t\t<div class=\"elementor-column elementor-col-100 elementor-top-column elementor-element elementor-element-1b35d01\" data-id=\"1b35d01\" data-element_type=\"column\">\n\t\t\t<div class=\"elementor-widget-wrap elementor-element-populated\">\n\t\t\t\t\t\t<div class=\"elementor-element elementor-element-7bcfa62 elementor-widget elementor-widget-text-editor\" data-id=\"7bcfa62\" data-element_type=\"widget\" data-widget_type=\"text-editor.default\">\n\t\t\t\t<div class=\"elementor-widget-container\">\n\t\t\t\t\t\t\t<p style=\"text-align: center;\"><strong>\u00c9diteur du site et responsable de la publication<\/strong><br \/>Clotilde Dubouis<br \/>clotildedubouis@hotmail.fr<\/p><p style=\"text-align: center;\"><strong>H\u00e9bergeur<\/strong><br \/>OVH<br \/>SAS \u00a0au capital de 10 069 020 \u20ac<br \/>RCS Lille M\u00e9tropole 424 761 419 00045<br \/>Code APE 2620Z<br \/>N\u00b0 TVA : FR 22 424 461 419<br \/>Si\u00e8ge social : 2 rue Kellermann<br \/>59100 Roubaix, France<\/p><p style=\"text-align: center;\"><strong>Conditions d&rsquo;utilisation du site www.clotilde-dubouis.com<\/strong><br \/>Le site constitue une \u0153uvre de l\u2019esprit prot\u00e9g\u00e9e par les dispositions du Code de la Propri\u00e9t\u00e9 Intellectuelle et des R\u00e9glementations Internationales applicables. Le client ne peut en aucune mani\u00e8re r\u00e9utiliser, c\u00e9der ou exploiter pour son propre compte tout ou partie des \u00e9l\u00e9ments ou travaux du site.\u00a0L\u2019utilisation du site <a href=\"http:\/\/www.clotilde-dubouis.com\">www.clotilde-dubouis.com<\/a> implique l\u2019acceptation pleine et enti\u00e8re des conditions g\u00e9n\u00e9rales d\u2019utilisation. Celles-ci sont susceptibles d\u2019\u00eatre modifi\u00e9es ou compl\u00e9t\u00e9es \u00e0 tout moment. Les utilisateurs sont donc invit\u00e9s \u00e0 les consulter r\u00e9guli\u00e8rement.\u00a0Le site web <a href=\"http:\/\/www.clotilde-dubouis.com\">www.clotilde-dubouis.com<\/a>\u00a0est mis \u00e0 jour r\u00e9guli\u00e8rement par <a href=\"http:\/\/www.clotilde-dubouis.com\">www.clotilde-dubouis.com<\/a>, qui en est le responsable. Les mentions l\u00e9gales peuvent \u00e9galement \u00eatre modifi\u00e9es \u00e0 tout moment : elles s\u2019imposent n\u00e9anmoins \u00e0 l\u2019utilisateur qui est invit\u00e9 \u00e0 s\u2019y r\u00e9f\u00e9rer le plus souvent possible.<\/p><p style=\"text-align: center;\"><strong>Description des services fournis<\/strong><br \/>Le site internet <a href=\"http:\/\/www.clotilde-dubouis.com\">www.clotilde-dubouis.com<\/a>\u00a0a pour objet de fournir une information concernant l\u2019ensemble des activit\u00e9s de la soci\u00e9t\u00e9. Toutefois, il ne pourra \u00eatre tenu responsable des oublis, des inexactitudes et des carences dans la mise \u00e0 jour, qu\u2019elles soient de son fait ou du fait des tiers partenaires qui lui fournissent ces informations.\u00a0Toutes les informations indiqu\u00e9es sur le site <a href=\"http:\/\/www.clotilde-dubouis.com\">www.clotilde-dubouis.com<\/a>\u00a0sont donn\u00e9es \u00e0 titre indicatif, et sont susceptibles d\u2019\u00e9voluer. Par ailleurs, les renseignements figurant sur le site <a href=\"http:\/\/www.clotilde-dubouis.com\">www.clotilde-dubouis.com<\/a>\u00a0ne sont pas exhaustifs.<\/p><p style=\"text-align: center;\"><strong>Limitations contractuelles sur les donn\u00e9es techniques<\/strong><br \/>Le site utilise la technologie JavaScript. <span class=\"cotmpl\">Le site<\/span> ne pourra \u00eatre tenu responsable de dommages mat\u00e9riels li\u00e9s \u00e0 l\u2019utilisation du site. De plus, l\u2019utilisateur du site s\u2019engage \u00e0 acc\u00e9der au site en utilisant un mat\u00e9riel r\u00e9cent, ne contenant pas de virus et avec un navigateur de derni\u00e8re g\u00e9n\u00e9ration mis-\u00e0-jour.\u00a0Le site <a href=\"http:\/\/www.clotilde-dubouis.com\">www.clotilde-dubouis.com<\/a> est h\u00e9berg\u00e9 chez un prestataire sur le territoire de l\u2019Union Europ\u00e9enne conform\u00e9ment aux dispositions du R\u00e8glement G\u00e9n\u00e9ral sur la Protection des Donn\u00e9es (RGPD : n\u00b0 2016-679).\u00a0L\u2019h\u00e9bergeur assure la continuit\u00e9 de son service 24 Heures sur 24, tous les jours de l\u2019ann\u00e9e. Il se r\u00e9serve n\u00e9anmoins la possibilit\u00e9 d\u2019interrompre le service d\u2019h\u00e9bergement en cas de maintenance. Le site <a href=\"http:\/\/www.clotilde-dubouis.com\">www.clotilde-dubouis.com<\/a> et l\u2019h\u00e9bergeur ne pourront \u00eatre tenus responsables en cas de dysfonctionnement du r\u00e9seau internet, des lignes t\u00e9l\u00e9phoniques ou du mat\u00e9riel informatique et de t\u00e9l\u00e9phonie li\u00e9 notamment \u00e0 l\u2019encombrement du r\u00e9seau emp\u00eachant l\u2019acc\u00e8s au serveur.<\/p><p style=\"text-align: center;\"><strong>Propr\u00e9t\u00e9 intellectuelle<\/strong><br \/><a href=\"http:\/\/www.clotilde-dubouis.com\/\">www.clotilde-dubouis.com<\/a> est propri\u00e9taire des droits de propri\u00e9t\u00e9 intellectuelle ou d\u00e9tient les droits d\u2019usage sur tous les \u00e9l\u00e9ments accessibles sur le site, notamment les textes, images, graphismes, logo, ic\u00f4nes, sons, logiciels.\u00a0Toute reproduction, repr\u00e9sentation, modification, publication, adaptation de tout ou partie des \u00e9l\u00e9ments du site, quel que soit le moyen ou le proc\u00e9d\u00e9 utilis\u00e9, est interdite, sauf autorisation \u00e9crite pr\u00e9alable de <a href=\"http:\/\/www.clotilde-dubouis.com\/\">www.clotilde-dubouis.com<\/a>. Toute exploitation non autoris\u00e9e du site ou de l\u2019un quelconque des \u00e9l\u00e9ments qu\u2019il contient sera consid\u00e9r\u00e9e comme constitutive d\u2019une contrefa\u00e7on et poursuivie conform\u00e9ment aux dispositions des articles L.335-2 et suivants du Code de propri\u00e9t\u00e9 intellectuelle.<\/p><p style=\"text-align: center;\"><strong>Limitation de responsabilit\u00e9<\/strong><br \/><a href=\"http:\/\/www.clotilde-dubouis.com\/\">www.clotilde-dubouis.com<\/a> ne pourra \u00eatre tenu responsable des dommages directs et indirects caus\u00e9s au mat\u00e9riel de l\u2019utilisateur, lors de l\u2019acc\u00e8s au site\u00a0<a href=\"http:\/\/www.clotilde-dubouis.com\/\">www.clotilde-dubouis.com<\/a>, et r\u00e9sultant soit de l\u2019utilisation d\u2019un mat\u00e9riel ne r\u00e9pondant pas aux sp\u00e9cifications indiqu\u00e9es au point 4, soit de l\u2019apparition d\u2019un bug ou d\u2019une incompatibilit\u00e9. <a href=\"http:\/\/www.clotilde-dubouis.com\/\">www.clotilde-dubouis.com<\/a> ne pourra \u00e9galement \u00eatre tenue responsable des dommages indirects (tels par exemple qu\u2019une perte de march\u00e9 ou perte d\u2019une chance) cons\u00e9cutifs \u00e0 l\u2019utilisation du site\u00a0<a href=\"http:\/\/www.clotilde-dubouis.com\/\">www.clotilde-dubouis.com<\/a>.\u00a0Des espaces interactifs (possibilit\u00e9 de poser des questions dans l\u2019espace contact) sont \u00e0 la disposition des utilisateurs. <a href=\"http:\/\/www.clotilde-dubouis.com\/\">www.clotilde-dubouis.com<\/a> se r\u00e9serve le droit de supprimer, sans mise en demeure pr\u00e9alable, tout contenu d\u00e9pos\u00e9 dans cet espace qui contreviendrait \u00e0 la l\u00e9gislation applicable en France, en particulier aux dispositions relatives \u00e0 la protection des donn\u00e9es. Le cas \u00e9ch\u00e9ant, <a href=\"http:\/\/www.clotilde-dubouis.com\/\">www.clotilde-dubouis.com<\/a> se r\u00e9serve \u00e9galement la possibilit\u00e9 de mettre en cause la responsabilit\u00e9 civile et\/ou p\u00e9nale de l\u2019utilisateur, notamment en cas de message \u00e0 caract\u00e8re raciste, injurieux, diffamant, ou pornographique, quel que soit le support utilis\u00e9 (texte, photographie\u2026).<\/p><p style=\"text-align: center;\"><strong>Gestion des donn\u00e9es personnelles<\/strong><br \/>En France, les donn\u00e9es personnelles sont notamment prot\u00e9g\u00e9es par la loi n\u00b0 78-87 du 6 janvier 1978, la loi n\u00b0 2004-801 du 6 ao\u00fbt 2004, l\u2019article L. 226-13 du Code p\u00e9nal et la Directive Europ\u00e9enne du 24 octobre 1995.\u00a0A l\u2019occasion de l\u2019utilisation du site\u00a0<a href=\"http:\/\/www.clotilde-dubouis.com\/\">www.clotilde-dubouis.com<\/a>, peuvent \u00eatres recueillies : l\u2019URL des liens par l\u2019interm\u00e9diaire desquels l\u2019utilisateur a acc\u00e9d\u00e9 au site <a href=\"http:\/\/www.clotilde-dubouis.com\/\">www.clotilde-dubouis.com<\/a>, le fournisseur d\u2019acc\u00e8s de l\u2019utilisateur, l\u2019adresse de protocole Internet (IP) de l\u2019utilisateur.\u00a0En tout \u00e9tat de cause <a href=\"http:\/\/www.clotilde-dubouis.com\/\">www.clotilde-dubouis.com<\/a> ne collecte des informations personnelles relatives \u00e0 l\u2019utilisateur que pour le besoin de certains services propos\u00e9s par le site\u00a0<a href=\"http:\/\/www.clotilde-dubouis.com\/\">www.clotilde-dubouis.com<\/a>. L\u2019utilisateur fournit ces informations en toute connaissance de cause, notamment lorsqu\u2019il proc\u00e8de par lui-m\u00eame \u00e0 leur saisie. Il est alors pr\u00e9cis\u00e9 \u00e0 l\u2019utilisateur du site\u00a0<a href=\"http:\/\/www.clotilde-dubouis.com\/\">www.clotilde-dubouis.com<\/a>\u00a0l\u2019obligation ou non de fournir ces informations. Conform\u00e9ment aux dispositions des articles 38 et suivants de la loi 78-17 du 6 janvier 1978 relative \u00e0 l\u2019informatique, aux fichiers et aux libert\u00e9s, tout utilisateur dispose d\u2019un droit d\u2019acc\u00e8s, de rectification et d\u2019opposition aux donn\u00e9es personnelles le concernant, en effectuant sa demande \u00e9crite et sign\u00e9e, accompagn\u00e9e d\u2019une copie du titre d\u2019identit\u00e9 avec signature du titulaire de la pi\u00e8ce, en pr\u00e9cisant l\u2019adresse \u00e0 laquelle la r\u00e9ponse doit \u00eatre envoy\u00e9e.\u00a0Aucune information personnelle de l\u2019utilisateur du site\u00a0<a href=\"http:\/\/www.clotilde-dubouis.com\/\">www.clotilde-dubouis.com<\/a> n\u2019est publi\u00e9e \u00e0 l\u2019insu de l\u2019utilisateur, \u00e9chang\u00e9e, transf\u00e9r\u00e9e, c\u00e9d\u00e9e ou vendue sur un support quelconque \u00e0 des tiers. Le site n\u2019est pas d\u00e9clar\u00e9 \u00e0 la CNIL car il ne recueille pas d\u2019informations personnelles.\u00a0Les bases de donn\u00e9es sont prot\u00e9g\u00e9es par les dispositions de la loi du 1er juillet 1998 transposant la directive 96\/9 du 11 mars 1996 relative \u00e0 la protection juridique des bases de donn\u00e9es.<\/p><p style=\"text-align: center;\"><strong>Liens hypertextes et cookies<\/strong><br \/>Le site\u00a0<a href=\"http:\/\/www.clotilde-dubouis.com\/\">www.clotilde-dubouis.com<\/a>\u00a0contient un certain nombre de liens hypertextes vers d\u2019autres sites, mis en place avec l\u2019autorisation de <a href=\"http:\/\/www.clotilde-dubouis.com\/\">www.clotilde-dubouis.com<\/a>. Cependant, <a href=\"http:\/\/www.clotilde-dubouis.com\/\">www.clotilde-dubouis.com<\/a> n\u2019a pas la possibilit\u00e9 de v\u00e9rifier le contenu des sites ainsi visit\u00e9s, et n\u2019assumera en cons\u00e9quence aucune responsabilit\u00e9 de ce fait.\u00a0La navigation sur le site\u00a0<a href=\"http:\/\/www.clotilde-dubouis.com\/\">www.clotilde-dubouis.com<\/a>\u00a0est susceptible de provoquer l\u2019installation de cookie(s) sur l\u2019ordinateur de l\u2019utilisateur. Un cookie est un fichier de petite taille, qui ne permet pas l\u2019identification de l\u2019utilisateur, mais qui enregistre des informations relatives \u00e0 la navigation d\u2019un ordinateur sur un site. Les donn\u00e9es ainsi obtenues visent \u00e0 faciliter la navigation ult\u00e9rieure sur le site, et ont \u00e9galement vocation \u00e0 permettre diverses mesures de fr\u00e9quentation.\u00a0Le refus d\u2019installation d\u2019un cookie peut entra\u00eener l\u2019impossibilit\u00e9 d\u2019acc\u00e9der \u00e0 certains services.<\/p>\t\t\t\t\t\t<\/div>\n\t\t\t\t<\/div>\n\t\t\t\t\t<\/div>\n\t\t<\/div>\n\t\t\t\t\t<\/div>\n\t\t<\/section>\n\t\t\t\t<\/div>\n\t\t","protected":false},"excerpt":{"rendered":"<p>\u00c9diteur du site et responsable de la publicationClotilde Dubouisclotildedubouis@hotmail.fr H\u00e9bergeurOVHSAS \u00a0au capital de 10 069 020 \u20acRCS Lille M\u00e9tropole 424 761 419 00045Code APE 2620ZN\u00b0 TVA : FR 22 424 461 419Si\u00e8ge social : 2 rue Kellermann59100 Roubaix, France Conditions d&rsquo;utilisation du site www.clotilde-dubouis.comLe site constitue une \u0153uvre de l\u2019esprit prot\u00e9g\u00e9e par les dispositions du&hellip;&nbsp;<a href=\"https:\/\/clotilde-dubouis.com\/index.php\/mentions-legales\/\" class=\"\" rel=\"bookmark\">Lire la suite &raquo;<span class=\"screen-reader-text\">Mentions l\u00e9gales<\/span><\/a><\/p>\n","protected":false},"author":1,"featured_media":0,"parent":0,"menu_order":0,"comment_status":"closed","ping_status":"open","template":"","meta":{"neve_meta_sidebar":"","neve_meta_container":"","neve_meta_enable_content_width":"","neve_meta_content_width":0,"neve_meta_title_alignment":"","neve_meta_author_avatar":"","neve_post_elements_order":"","neve_meta_disable_header":"","neve_meta_disable_footer":"","neve_meta_disable_title":"","_ti_tpc_template_sync":false,"_ti_tpc_template_id":"","footnotes":""},"class_list":["post-3","page","type-page","status-publish","hentry"],"_links":{"self":[{"href":"https:\/\/clotilde-dubouis.com\/index.php\/wp-json\/wp\/v2\/pages\/3","targetHints":{"allow":["GET"]}}],"collection":[{"href":"https:\/\/clotilde-dubouis.com\/index.php\/wp-json\/wp\/v2\/pages"}],"about":[{"href":"https:\/\/clotilde-dubouis.com\/index.php\/wp-json\/wp\/v2\/types\/page"}],"author":[{"embeddable":true,"href":"https:\/\/clotilde-dubouis.com\/index.php\/wp-json\/wp\/v2\/users\/1"}],"replies":[{"embeddable":true,"href":"https:\/\/clotilde-dubouis.com\/index.php\/wp-json\/wp\/v2\/comments?post=3"}],"version-history":[{"count":20,"href":"https:\/\/clotilde-dubouis.com\/index.php\/wp-json\/wp\/v2\/pages\/3\/revisions"}],"predecessor-version":[{"id":2758,"href":"https:\/\/clotilde-dubouis.com\/index.php\/wp-json\/wp\/v2\/pages\/3\/revisions\/2758"}],"wp:attachment":[{"href":"https:\/\/clotilde-dubouis.com\/index.php\/wp-json\/wp\/v2\/media?parent=3"}],"curies":[{"name":"wp","href":"https:\/\/api.w.org\/{rel}","templated":true}]}}