{"id":3100,"date":"2023-11-13T15:48:34","date_gmt":"2023-11-13T14:48:34","guid":{"rendered":"https:\/\/clotilde-dubouis.com\/?page_id=3100"},"modified":"2025-08-28T15:03:40","modified_gmt":"2025-08-28T13:03:40","slug":"magazine-paysage","status":"publish","type":"page","link":"https:\/\/clotilde-dubouis.com\/index.php\/magazine-paysage\/","title":{"rendered":"Magazine Paysage"},"content":{"rendered":"\t\t<div data-elementor-type=\"wp-page\" data-elementor-id=\"3100\" class=\"elementor elementor-3100\">\n\t\t\t\t\t\t<section class=\"elementor-section elementor-top-section elementor-element elementor-element-2679df0d elementor-section-stretched elementor-section-boxed elementor-section-height-default elementor-section-height-default\" data-id=\"2679df0d\" data-element_type=\"section\" data-settings=\"{&quot;stretch_section&quot;:&quot;section-stretched&quot;,&quot;background_background&quot;:&quot;classic&quot;}\">\n\t\t\t\t\t\t<div class=\"elementor-container elementor-column-gap-default\">\n\t\t\t\t\t<div class=\"elementor-column elementor-col-100 elementor-top-column elementor-element elementor-element-203dd955\" data-id=\"203dd955\" data-element_type=\"column\">\n\t\t\t<div class=\"elementor-widget-wrap elementor-element-populated\">\n\t\t\t\t\t\t<div class=\"elementor-element elementor-element-6ee8fda3 elementor-widget elementor-widget-spacer\" data-id=\"6ee8fda3\" data-element_type=\"widget\" data-widget_type=\"spacer.default\">\n\t\t\t\t<div class=\"elementor-widget-container\">\n\t\t\t\t\t<div class=\"elementor-spacer\">\n\t\t\t<div class=\"elementor-spacer-inner\"><\/div>\n\t\t<\/div>\n\t\t\t\t<\/div>\n\t\t\t\t<\/div>\n\t\t\t\t<div class=\"elementor-element elementor-element-565535dd elementor-widget elementor-widget-text-editor\" data-id=\"565535dd\" data-element_type=\"widget\" data-widget_type=\"text-editor.default\">\n\t\t\t\t<div class=\"elementor-widget-container\">\n\t\t\t\t\t\t\t<p><strong>Mise en page<\/strong> du hors-s\u00e9rie <strong>PAYSAGE(S) <\/strong> \u00e9dit\u00e9 avec la F\u00e9d\u00e9ration Fran\u00e7aise du Paysage. <strong><br \/><\/strong>C&rsquo;est le magazine des <strong>paysagistes concepteurs<\/strong> .<\/p>\t\t\t\t\t\t<\/div>\n\t\t\t\t<\/div>\n\t\t\t\t\t<\/div>\n\t\t<\/div>\n\t\t\t\t\t<\/div>\n\t\t<\/section>\n\t\t\t\t<section class=\"elementor-section elementor-top-section elementor-element elementor-element-7e38cd2d elementor-section-boxed elementor-section-height-default elementor-section-height-default\" data-id=\"7e38cd2d\" data-element_type=\"section\">\n\t\t\t\t\t\t<div class=\"elementor-container elementor-column-gap-default\">\n\t\t\t\t\t<div class=\"elementor-column elementor-col-25 elementor-top-column elementor-element elementor-element-246cb82c\" data-id=\"246cb82c\" data-element_type=\"column\">\n\t\t\t<div class=\"elementor-widget-wrap\">\n\t\t\t\t\t\t\t<\/div>\n\t\t<\/div>\n\t\t\t\t<div class=\"elementor-column elementor-col-50 elementor-top-column elementor-element elementor-element-526fa485\" data-id=\"526fa485\" data-element_type=\"column\">\n\t\t\t<div class=\"elementor-widget-wrap elementor-element-populated\">\n\t\t\t\t\t\t<div class=\"elementor-element elementor-element-580834a6 animated-slow elementor-invisible elementor-widget elementor-widget-image\" data-id=\"580834a6\" data-element_type=\"widget\" data-settings=\"{&quot;_animation&quot;:&quot;pulse&quot;}\" data-widget_type=\"image.default\">\n\t\t\t\t<div class=\"elementor-widget-container\">\n\t\t\t\t\t\t\t\t\t\t\t\t\t<img fetchpriority=\"high\" decoding=\"async\" width=\"1024\" height=\"704\" src=\"https:\/\/clotilde-dubouis.com\/wp-content\/uploads\/2023\/12\/4110032-1024x704.jpg\" class=\"attachment-large size-large wp-image-3120\" alt=\"\" srcset=\"https:\/\/clotilde-dubouis.com\/wp-content\/uploads\/2023\/12\/4110032-1024x704.jpg 1024w, https:\/\/clotilde-dubouis.com\/wp-content\/uploads\/2023\/12\/4110032-300x206.jpg 300w, https:\/\/clotilde-dubouis.com\/wp-content\/uploads\/2023\/12\/4110032-768x528.jpg 768w, https:\/\/clotilde-dubouis.com\/wp-content\/uploads\/2023\/12\/4110032.jpg 1200w\" sizes=\"(max-width: 1024px) 100vw, 1024px\" \/>\t\t\t\t\t\t\t\t\t\t\t\t\t<\/div>\n\t\t\t\t<\/div>\n\t\t\t\t\t<\/div>\n\t\t<\/div>\n\t\t\t\t<div class=\"elementor-column elementor-col-25 elementor-top-column elementor-element elementor-element-a542c63\" data-id=\"a542c63\" data-element_type=\"column\">\n\t\t\t<div class=\"elementor-widget-wrap\">\n\t\t\t\t\t\t\t<\/div>\n\t\t<\/div>\n\t\t\t\t\t<\/div>\n\t\t<\/section>\n\t\t\t\t<section class=\"elementor-section elementor-top-section elementor-element elementor-element-7ad0a0e elementor-section-boxed elementor-section-height-default elementor-section-height-default\" data-id=\"7ad0a0e\" data-element_type=\"section\">\n\t\t\t\t\t\t<div class=\"elementor-container elementor-column-gap-default\">\n\t\t\t\t\t<div class=\"elementor-column elementor-col-100 elementor-top-column elementor-element elementor-element-7db9d7f\" data-id=\"7db9d7f\" data-element_type=\"column\">\n\t\t\t<div class=\"elementor-widget-wrap elementor-element-populated\">\n\t\t\t\t\t\t<div class=\"elementor-element elementor-element-a6f8eb9 animated-slow elementor-invisible elementor-widget elementor-widget-image\" data-id=\"a6f8eb9\" data-element_type=\"widget\" data-settings=\"{&quot;_animation&quot;:&quot;pulse&quot;}\" data-widget_type=\"image.default\">\n\t\t\t\t<div class=\"elementor-widget-container\">\n\t\t\t\t\t\t\t\t\t\t\t\t\t<img decoding=\"async\" width=\"1024\" height=\"768\" src=\"https:\/\/clotilde-dubouis.com\/wp-content\/uploads\/2025\/08\/P4JQUZ1--1024x768.jpg\" class=\"attachment-large size-large wp-image-3577\" alt=\"\" srcset=\"https:\/\/clotilde-dubouis.com\/wp-content\/uploads\/2025\/08\/P4JQUZ1--1024x768.jpg 1024w, https:\/\/clotilde-dubouis.com\/wp-content\/uploads\/2025\/08\/P4JQUZ1--300x225.jpg 300w, https:\/\/clotilde-dubouis.com\/wp-content\/uploads\/2025\/08\/P4JQUZ1--768x576.jpg 768w, https:\/\/clotilde-dubouis.com\/wp-content\/uploads\/2025\/08\/P4JQUZ1--1536x1152.jpg 1536w, https:\/\/clotilde-dubouis.com\/wp-content\/uploads\/2025\/08\/P4JQUZ1-.jpg 2000w\" sizes=\"(max-width: 1024px) 100vw, 1024px\" \/>\t\t\t\t\t\t\t\t\t\t\t\t\t<\/div>\n\t\t\t\t<\/div>\n\t\t\t\t\t<\/div>\n\t\t<\/div>\n\t\t\t\t\t<\/div>\n\t\t<\/section>\n\t\t\t\t<section class=\"elementor-section elementor-top-section elementor-element elementor-element-39dbd45 elementor-section-boxed elementor-section-height-default elementor-section-height-default\" data-id=\"39dbd45\" data-element_type=\"section\">\n\t\t\t\t\t\t<div class=\"elementor-container elementor-column-gap-default\">\n\t\t\t\t\t<div class=\"elementor-column elementor-col-100 elementor-top-column elementor-element elementor-element-56f8e482\" data-id=\"56f8e482\" data-element_type=\"column\">\n\t\t\t<div class=\"elementor-widget-wrap elementor-element-populated\">\n\t\t\t\t\t\t<div class=\"elementor-element elementor-element-80f901 elementor-widget elementor-widget-spacer\" data-id=\"80f901\" data-element_type=\"widget\" data-widget_type=\"spacer.default\">\n\t\t\t\t<div class=\"elementor-widget-container\">\n\t\t\t\t\t<div class=\"elementor-spacer\">\n\t\t\t<div class=\"elementor-spacer-inner\"><\/div>\n\t\t<\/div>\n\t\t\t\t<\/div>\n\t\t\t\t<\/div>\n\t\t\t\t<div class=\"elementor-element elementor-element-941a378 elementor-align-center elementor-widget elementor-widget-button\" data-id=\"941a378\" data-element_type=\"widget\" data-widget_type=\"button.default\">\n\t\t\t\t<div class=\"elementor-widget-container\">\n\t\t\t\t\t\t\t<div class=\"elementor-button-wrapper\">\n\t\t\t\t\t<a class=\"elementor-button elementor-button-link elementor-size-sm\" href=\"https:\/\/clotilde-dubouis.com\/index.php\/personnages-linograves\/\">\n\t\t\t\t\t\t<span class=\"elementor-button-content-wrapper\">\n\t\t\t\t\t\t\t\t\t<span class=\"elementor-button-text\">\u2192<\/span>\n\t\t\t\t\t<\/span>\n\t\t\t\t\t<\/a>\n\t\t\t\t<\/div>\n\t\t\t\t\t\t<\/div>\n\t\t\t\t<\/div>\n\t\t\t\t<div class=\"elementor-element elementor-element-11e8cc96 elementor-widget elementor-widget-spacer\" data-id=\"11e8cc96\" data-element_type=\"widget\" data-widget_type=\"spacer.default\">\n\t\t\t\t<div class=\"elementor-widget-container\">\n\t\t\t\t\t<div class=\"elementor-spacer\">\n\t\t\t<div class=\"elementor-spacer-inner\"><\/div>\n\t\t<\/div>\n\t\t\t\t<\/div>\n\t\t\t\t<\/div>\n\t\t\t\t\t<\/div>\n\t\t<\/div>\n\t\t\t\t\t<\/div>\n\t\t<\/section>\n\t\t\t\t<\/div>\n\t\t","protected":false},"excerpt":{"rendered":"<p>Mise en page du hors-s\u00e9rie PAYSAGE(S) \u00e9dit\u00e9 avec la F\u00e9d\u00e9ration Fran\u00e7aise du Paysage. C&rsquo;est le magazine des paysagistes concepteurs . \u2192<\/p>\n","protected":false},"author":1,"featured_media":0,"parent":0,"menu_order":0,"comment_status":"closed","ping_status":"closed","template":"","meta":{"neve_meta_sidebar":"","neve_meta_container":"","neve_meta_enable_content_width":"","neve_meta_content_width":0,"neve_meta_title_alignment":"","neve_meta_author_avatar":"","neve_post_elements_order":"","neve_meta_disable_header":"","neve_meta_disable_footer":"","neve_meta_disable_title":"","_ti_tpc_template_sync":false,"_ti_tpc_template_id":"","footnotes":""},"class_list":["post-3100","page","type-page","status-publish","hentry"],"_links":{"self":[{"href":"https:\/\/clotilde-dubouis.com\/index.php\/wp-json\/wp\/v2\/pages\/3100","targetHints":{"allow":["GET"]}}],"collection":[{"href":"https:\/\/clotilde-dubouis.com\/index.php\/wp-json\/wp\/v2\/pages"}],"about":[{"href":"https:\/\/clotilde-dubouis.com\/index.php\/wp-json\/wp\/v2\/types\/page"}],"author":[{"embeddable":true,"href":"https:\/\/clotilde-dubouis.com\/index.php\/wp-json\/wp\/v2\/users\/1"}],"replies":[{"embeddable":true,"href":"https:\/\/clotilde-dubouis.com\/index.php\/wp-json\/wp\/v2\/comments?post=3100"}],"version-history":[{"count":35,"href":"https:\/\/clotilde-dubouis.com\/index.php\/wp-json\/wp\/v2\/pages\/3100\/revisions"}],"predecessor-version":[{"id":3596,"href":"https:\/\/clotilde-dubouis.com\/index.php\/wp-json\/wp\/v2\/pages\/3100\/revisions\/3596"}],"wp:attachment":[{"href":"https:\/\/clotilde-dubouis.com\/index.php\/wp-json\/wp\/v2\/media?parent=3100"}],"curies":[{"name":"wp","href":"https:\/\/api.w.org\/{rel}","templated":true}]}}