{"id":3248,"date":"2024-11-19T14:08:45","date_gmt":"2024-11-19T13:08:45","guid":{"rendered":"https:\/\/clotilde-dubouis.com\/?page_id=3248"},"modified":"2025-08-28T14:47:21","modified_gmt":"2025-08-28T12:47:21","slug":"editions-bionnay","status":"publish","type":"page","link":"https:\/\/clotilde-dubouis.com\/index.php\/editions-bionnay\/","title":{"rendered":"Editions Bionnay"},"content":{"rendered":"\t\t<div data-elementor-type=\"wp-page\" data-elementor-id=\"3248\" class=\"elementor elementor-3248\">\n\t\t\t\t\t\t<section class=\"elementor-section elementor-top-section elementor-element elementor-element-5fbaac5b elementor-section-stretched elementor-section-boxed elementor-section-height-default elementor-section-height-default\" data-id=\"5fbaac5b\" data-element_type=\"section\" data-settings=\"{&quot;stretch_section&quot;:&quot;section-stretched&quot;,&quot;background_background&quot;:&quot;classic&quot;}\">\n\t\t\t\t\t\t<div class=\"elementor-container elementor-column-gap-default\">\n\t\t\t\t\t<div class=\"elementor-column elementor-col-100 elementor-top-column elementor-element elementor-element-32eec1d0\" data-id=\"32eec1d0\" data-element_type=\"column\">\n\t\t\t<div class=\"elementor-widget-wrap elementor-element-populated\">\n\t\t\t\t\t\t<div class=\"elementor-element elementor-element-62e56f49 elementor-widget elementor-widget-spacer\" data-id=\"62e56f49\" data-element_type=\"widget\" data-widget_type=\"spacer.default\">\n\t\t\t\t<div class=\"elementor-widget-container\">\n\t\t\t\t\t<div class=\"elementor-spacer\">\n\t\t\t<div class=\"elementor-spacer-inner\"><\/div>\n\t\t<\/div>\n\t\t\t\t<\/div>\n\t\t\t\t<\/div>\n\t\t\t\t<div class=\"elementor-element elementor-element-67115635 elementor-widget elementor-widget-text-editor\" data-id=\"67115635\" data-element_type=\"widget\" data-widget_type=\"text-editor.default\">\n\t\t\t\t<div class=\"elementor-widget-container\">\n\t\t\t\t\t\t\t<p>D\u00e9veloppement du <strong>site institutionnel<\/strong> sous WordPress avec le <strong>th\u00e8me Astra avec Elementor<\/strong> pour la maison d&rsquo;\u00e9ditions pour laquelle je travaille.<\/p>\t\t\t\t\t\t<\/div>\n\t\t\t\t<\/div>\n\t\t\t\t\t<\/div>\n\t\t<\/div>\n\t\t\t\t\t<\/div>\n\t\t<\/section>\n\t\t\t\t<section class=\"elementor-section elementor-top-section elementor-element elementor-element-7b8c6080 elementor-section-boxed elementor-section-height-default elementor-section-height-default\" data-id=\"7b8c6080\" data-element_type=\"section\">\n\t\t\t\t\t\t<div class=\"elementor-container elementor-column-gap-default\">\n\t\t\t\t\t<div class=\"elementor-column elementor-col-25 elementor-top-column elementor-element elementor-element-3c3863a6\" data-id=\"3c3863a6\" data-element_type=\"column\">\n\t\t\t<div class=\"elementor-widget-wrap\">\n\t\t\t\t\t\t\t<\/div>\n\t\t<\/div>\n\t\t\t\t<div class=\"elementor-column elementor-col-50 elementor-top-column elementor-element elementor-element-383cb349\" data-id=\"383cb349\" data-element_type=\"column\">\n\t\t\t<div class=\"elementor-widget-wrap elementor-element-populated\">\n\t\t\t\t\t\t<div class=\"elementor-element elementor-element-d297c76 animated-slow elementor-invisible elementor-widget elementor-widget-image\" data-id=\"d297c76\" data-element_type=\"widget\" data-settings=\"{&quot;_animation&quot;:&quot;pulse&quot;}\" data-widget_type=\"image.default\">\n\t\t\t\t<div class=\"elementor-widget-container\">\n\t\t\t\t\t\t\t\t\t\t\t\t\t<img fetchpriority=\"high\" decoding=\"async\" width=\"1024\" height=\"768\" src=\"https:\/\/clotilde-dubouis.com\/wp-content\/uploads\/2024\/11\/Free_MacBook_Pro_1-1024x768.png\" class=\"attachment-large size-large wp-image-3270\" alt=\"\" srcset=\"https:\/\/clotilde-dubouis.com\/wp-content\/uploads\/2024\/11\/Free_MacBook_Pro_1-1024x768.png 1024w, https:\/\/clotilde-dubouis.com\/wp-content\/uploads\/2024\/11\/Free_MacBook_Pro_1-300x225.png 300w, https:\/\/clotilde-dubouis.com\/wp-content\/uploads\/2024\/11\/Free_MacBook_Pro_1-768x576.png 768w, https:\/\/clotilde-dubouis.com\/wp-content\/uploads\/2024\/11\/Free_MacBook_Pro_1.png 1200w\" sizes=\"(max-width: 1024px) 100vw, 1024px\" \/>\t\t\t\t\t\t\t\t\t\t\t\t\t<\/div>\n\t\t\t\t<\/div>\n\t\t\t\t\t<\/div>\n\t\t<\/div>\n\t\t\t\t<div class=\"elementor-column elementor-col-25 elementor-top-column elementor-element elementor-element-21d0fc3\" data-id=\"21d0fc3\" data-element_type=\"column\">\n\t\t\t<div class=\"elementor-widget-wrap\">\n\t\t\t\t\t\t\t<\/div>\n\t\t<\/div>\n\t\t\t\t\t<\/div>\n\t\t<\/section>\n\t\t\t\t<section class=\"elementor-section elementor-top-section elementor-element elementor-element-226b3a45 elementor-section-boxed elementor-section-height-default elementor-section-height-default\" data-id=\"226b3a45\" data-element_type=\"section\">\n\t\t\t\t\t\t<div class=\"elementor-container elementor-column-gap-default\">\n\t\t\t\t\t<div class=\"elementor-column elementor-col-100 elementor-top-column elementor-element elementor-element-52f9a60c\" data-id=\"52f9a60c\" data-element_type=\"column\">\n\t\t\t<div class=\"elementor-widget-wrap elementor-element-populated\">\n\t\t\t\t\t\t<div class=\"elementor-element elementor-element-5aff6f42 animated-slow elementor-invisible elementor-widget elementor-widget-image\" data-id=\"5aff6f42\" data-element_type=\"widget\" data-settings=\"{&quot;_animation&quot;:&quot;pulse&quot;}\" data-widget_type=\"image.default\">\n\t\t\t\t<div class=\"elementor-widget-container\">\n\t\t\t\t\t\t\t\t\t\t\t\t\t<img decoding=\"async\" width=\"2000\" height=\"1348\" src=\"https:\/\/clotilde-dubouis.com\/wp-content\/uploads\/2024\/11\/maquette-edb-homepage-.jpg\" class=\"attachment-full size-full wp-image-3329\" alt=\"\" srcset=\"https:\/\/clotilde-dubouis.com\/wp-content\/uploads\/2024\/11\/maquette-edb-homepage-.jpg 2000w, https:\/\/clotilde-dubouis.com\/wp-content\/uploads\/2024\/11\/maquette-edb-homepage--300x202.jpg 300w, https:\/\/clotilde-dubouis.com\/wp-content\/uploads\/2024\/11\/maquette-edb-homepage--1024x690.jpg 1024w, https:\/\/clotilde-dubouis.com\/wp-content\/uploads\/2024\/11\/maquette-edb-homepage--768x518.jpg 768w, https:\/\/clotilde-dubouis.com\/wp-content\/uploads\/2024\/11\/maquette-edb-homepage--1536x1035.jpg 1536w\" sizes=\"(max-width: 2000px) 100vw, 2000px\" \/>\t\t\t\t\t\t\t\t\t\t\t\t\t<\/div>\n\t\t\t\t<\/div>\n\t\t\t\t\t<\/div>\n\t\t<\/div>\n\t\t\t\t\t<\/div>\n\t\t<\/section>\n\t\t\t\t<section class=\"elementor-section elementor-top-section elementor-element elementor-element-a5fab60 elementor-section-boxed elementor-section-height-default elementor-section-height-default\" data-id=\"a5fab60\" data-element_type=\"section\">\n\t\t\t\t\t\t<div class=\"elementor-container elementor-column-gap-default\">\n\t\t\t\t\t<div class=\"elementor-column elementor-col-100 elementor-top-column elementor-element elementor-element-9525570\" data-id=\"9525570\" data-element_type=\"column\">\n\t\t\t<div class=\"elementor-widget-wrap elementor-element-populated\">\n\t\t\t\t\t\t<div class=\"elementor-element elementor-element-effe7c0 animated-slow elementor-invisible elementor-widget elementor-widget-image\" data-id=\"effe7c0\" data-element_type=\"widget\" data-settings=\"{&quot;_animation&quot;:&quot;pulse&quot;}\" data-widget_type=\"image.default\">\n\t\t\t\t<div class=\"elementor-widget-container\">\n\t\t\t\t\t\t\t\t\t\t\t\t\t<img decoding=\"async\" width=\"2000\" height=\"1653\" src=\"https:\/\/clotilde-dubouis.com\/wp-content\/uploads\/2024\/11\/maquette-edb-page-1-.jpg\" class=\"attachment-full size-full wp-image-3330\" alt=\"\" srcset=\"https:\/\/clotilde-dubouis.com\/wp-content\/uploads\/2024\/11\/maquette-edb-page-1-.jpg 2000w, https:\/\/clotilde-dubouis.com\/wp-content\/uploads\/2024\/11\/maquette-edb-page-1--300x248.jpg 300w, https:\/\/clotilde-dubouis.com\/wp-content\/uploads\/2024\/11\/maquette-edb-page-1--1024x846.jpg 1024w, https:\/\/clotilde-dubouis.com\/wp-content\/uploads\/2024\/11\/maquette-edb-page-1--768x635.jpg 768w, https:\/\/clotilde-dubouis.com\/wp-content\/uploads\/2024\/11\/maquette-edb-page-1--1536x1270.jpg 1536w\" sizes=\"(max-width: 2000px) 100vw, 2000px\" \/>\t\t\t\t\t\t\t\t\t\t\t\t\t<\/div>\n\t\t\t\t<\/div>\n\t\t\t\t\t<\/div>\n\t\t<\/div>\n\t\t\t\t\t<\/div>\n\t\t<\/section>\n\t\t\t\t<section class=\"elementor-section elementor-top-section elementor-element elementor-element-7f5d062 elementor-section-boxed elementor-section-height-default elementor-section-height-default\" data-id=\"7f5d062\" data-element_type=\"section\">\n\t\t\t\t\t\t<div class=\"elementor-container elementor-column-gap-default\">\n\t\t\t\t\t<div class=\"elementor-column elementor-col-100 elementor-top-column elementor-element elementor-element-110afc4\" data-id=\"110afc4\" data-element_type=\"column\">\n\t\t\t<div class=\"elementor-widget-wrap elementor-element-populated\">\n\t\t\t\t\t\t<div class=\"elementor-element elementor-element-705cf15 animated-slow elementor-invisible elementor-widget elementor-widget-image\" data-id=\"705cf15\" data-element_type=\"widget\" data-settings=\"{&quot;_animation&quot;:&quot;pulse&quot;}\" data-widget_type=\"image.default\">\n\t\t\t\t<div class=\"elementor-widget-container\">\n\t\t\t\t\t\t\t\t\t\t\t\t\t<img loading=\"lazy\" decoding=\"async\" width=\"2000\" height=\"1857\" src=\"https:\/\/clotilde-dubouis.com\/wp-content\/uploads\/2024\/11\/maquette-edb-page-2-.jpg\" class=\"attachment-full size-full wp-image-3331\" alt=\"\" srcset=\"https:\/\/clotilde-dubouis.com\/wp-content\/uploads\/2024\/11\/maquette-edb-page-2-.jpg 2000w, https:\/\/clotilde-dubouis.com\/wp-content\/uploads\/2024\/11\/maquette-edb-page-2--300x279.jpg 300w, https:\/\/clotilde-dubouis.com\/wp-content\/uploads\/2024\/11\/maquette-edb-page-2--1024x951.jpg 1024w, https:\/\/clotilde-dubouis.com\/wp-content\/uploads\/2024\/11\/maquette-edb-page-2--768x713.jpg 768w, https:\/\/clotilde-dubouis.com\/wp-content\/uploads\/2024\/11\/maquette-edb-page-2--1536x1426.jpg 1536w\" sizes=\"(max-width: 2000px) 100vw, 2000px\" \/>\t\t\t\t\t\t\t\t\t\t\t\t\t<\/div>\n\t\t\t\t<\/div>\n\t\t\t\t\t<\/div>\n\t\t<\/div>\n\t\t\t\t\t<\/div>\n\t\t<\/section>\n\t\t\t\t<section class=\"elementor-section elementor-top-section elementor-element elementor-element-3391a8a1 elementor-section-boxed elementor-section-height-default elementor-section-height-default\" data-id=\"3391a8a1\" data-element_type=\"section\">\n\t\t\t\t\t\t<div class=\"elementor-container elementor-column-gap-default\">\n\t\t\t\t\t<div class=\"elementor-column elementor-col-100 elementor-top-column elementor-element elementor-element-5e85cab4\" data-id=\"5e85cab4\" data-element_type=\"column\">\n\t\t\t<div class=\"elementor-widget-wrap elementor-element-populated\">\n\t\t\t\t\t\t<div class=\"elementor-element elementor-element-3d4347ef elementor-widget elementor-widget-spacer\" data-id=\"3d4347ef\" data-element_type=\"widget\" data-widget_type=\"spacer.default\">\n\t\t\t\t<div class=\"elementor-widget-container\">\n\t\t\t\t\t<div class=\"elementor-spacer\">\n\t\t\t<div class=\"elementor-spacer-inner\"><\/div>\n\t\t<\/div>\n\t\t\t\t<\/div>\n\t\t\t\t<\/div>\n\t\t\t\t<div class=\"elementor-element elementor-element-6888ae5e elementor-align-center elementor-widget elementor-widget-button\" data-id=\"6888ae5e\" data-element_type=\"widget\" data-widget_type=\"button.default\">\n\t\t\t\t<div class=\"elementor-widget-container\">\n\t\t\t\t\t\t\t<div class=\"elementor-button-wrapper\">\n\t\t\t\t\t<a class=\"elementor-button elementor-button-link elementor-size-sm\" href=\"https:\/\/clotilde-dubouis.com\/index.php\/mjc-damplepuis\/\">\n\t\t\t\t\t\t<span class=\"elementor-button-content-wrapper\">\n\t\t\t\t\t\t\t\t\t<span class=\"elementor-button-text\">\u2192<\/span>\n\t\t\t\t\t<\/span>\n\t\t\t\t\t<\/a>\n\t\t\t\t<\/div>\n\t\t\t\t\t\t<\/div>\n\t\t\t\t<\/div>\n\t\t\t\t<div class=\"elementor-element elementor-element-18cb130c elementor-widget elementor-widget-spacer\" data-id=\"18cb130c\" data-element_type=\"widget\" data-widget_type=\"spacer.default\">\n\t\t\t\t<div class=\"elementor-widget-container\">\n\t\t\t\t\t<div class=\"elementor-spacer\">\n\t\t\t<div class=\"elementor-spacer-inner\"><\/div>\n\t\t<\/div>\n\t\t\t\t<\/div>\n\t\t\t\t<\/div>\n\t\t\t\t\t<\/div>\n\t\t<\/div>\n\t\t\t\t\t<\/div>\n\t\t<\/section>\n\t\t\t\t<section class=\"elementor-section elementor-top-section elementor-element elementor-element-3abfd59 elementor-section-boxed elementor-section-height-default elementor-section-height-default\" data-id=\"3abfd59\" data-element_type=\"section\">\n\t\t\t\t\t\t<div class=\"elementor-container elementor-column-gap-default\">\n\t\t\t\t\t<div class=\"elementor-column elementor-col-100 elementor-top-column elementor-element elementor-element-20539bb\" data-id=\"20539bb\" data-element_type=\"column\">\n\t\t\t<div class=\"elementor-widget-wrap\">\n\t\t\t\t\t\t\t<\/div>\n\t\t<\/div>\n\t\t\t\t\t<\/div>\n\t\t<\/section>\n\t\t\t\t<\/div>\n\t\t","protected":false},"excerpt":{"rendered":"<p>D\u00e9veloppement du site institutionnel sous WordPress avec le th\u00e8me Astra avec Elementor pour la maison d&rsquo;\u00e9ditions pour laquelle je travaille. \u2192<\/p>\n","protected":false},"author":1,"featured_media":0,"parent":0,"menu_order":0,"comment_status":"closed","ping_status":"closed","template":"","meta":{"neve_meta_sidebar":"","neve_meta_container":"","neve_meta_enable_content_width":"","neve_meta_content_width":0,"neve_meta_title_alignment":"","neve_meta_author_avatar":"","neve_post_elements_order":"","neve_meta_disable_header":"","neve_meta_disable_footer":"","neve_meta_disable_title":"","_ti_tpc_template_sync":false,"_ti_tpc_template_id":"","footnotes":""},"class_list":["post-3248","page","type-page","status-publish","hentry"],"_links":{"self":[{"href":"https:\/\/clotilde-dubouis.com\/index.php\/wp-json\/wp\/v2\/pages\/3248","targetHints":{"allow":["GET"]}}],"collection":[{"href":"https:\/\/clotilde-dubouis.com\/index.php\/wp-json\/wp\/v2\/pages"}],"about":[{"href":"https:\/\/clotilde-dubouis.com\/index.php\/wp-json\/wp\/v2\/types\/page"}],"author":[{"embeddable":true,"href":"https:\/\/clotilde-dubouis.com\/index.php\/wp-json\/wp\/v2\/users\/1"}],"replies":[{"embeddable":true,"href":"https:\/\/clotilde-dubouis.com\/index.php\/wp-json\/wp\/v2\/comments?post=3248"}],"version-history":[{"count":19,"href":"https:\/\/clotilde-dubouis.com\/index.php\/wp-json\/wp\/v2\/pages\/3248\/revisions"}],"predecessor-version":[{"id":3559,"href":"https:\/\/clotilde-dubouis.com\/index.php\/wp-json\/wp\/v2\/pages\/3248\/revisions\/3559"}],"wp:attachment":[{"href":"https:\/\/clotilde-dubouis.com\/index.php\/wp-json\/wp\/v2\/media?parent=3248"}],"curies":[{"name":"wp","href":"https:\/\/api.w.org\/{rel}","templated":true}]}}