{"id":3436,"date":"2025-07-16T11:15:33","date_gmt":"2025-07-16T09:15:33","guid":{"rendered":"https:\/\/clotilde-dubouis.com\/?page_id=3436"},"modified":"2025-08-28T14:46:50","modified_gmt":"2025-08-28T12:46:50","slug":"dot-dogz","status":"publish","type":"page","link":"https:\/\/clotilde-dubouis.com\/index.php\/dot-dogz\/","title":{"rendered":"Dot Dog&rsquo;Z"},"content":{"rendered":"\t\t<div data-elementor-type=\"wp-page\" data-elementor-id=\"3436\" class=\"elementor elementor-3436\">\n\t\t\t\t\t\t<section class=\"elementor-section elementor-top-section elementor-element elementor-element-1735cf28 elementor-section-stretched elementor-section-boxed elementor-section-height-default elementor-section-height-default\" data-id=\"1735cf28\" data-element_type=\"section\" data-settings=\"{&quot;stretch_section&quot;:&quot;section-stretched&quot;,&quot;background_background&quot;:&quot;classic&quot;}\">\n\t\t\t\t\t\t<div class=\"elementor-container elementor-column-gap-default\">\n\t\t\t\t\t<div class=\"elementor-column elementor-col-100 elementor-top-column elementor-element elementor-element-2f7ab9a4\" data-id=\"2f7ab9a4\" data-element_type=\"column\">\n\t\t\t<div class=\"elementor-widget-wrap elementor-element-populated\">\n\t\t\t\t\t\t<div class=\"elementor-element elementor-element-17c839e3 elementor-widget elementor-widget-spacer\" data-id=\"17c839e3\" data-element_type=\"widget\" data-widget_type=\"spacer.default\">\n\t\t\t\t<div class=\"elementor-widget-container\">\n\t\t\t\t\t<div class=\"elementor-spacer\">\n\t\t\t<div class=\"elementor-spacer-inner\"><\/div>\n\t\t<\/div>\n\t\t\t\t<\/div>\n\t\t\t\t<\/div>\n\t\t\t\t<div class=\"elementor-element elementor-element-48197eb5 elementor-widget elementor-widget-text-editor\" data-id=\"48197eb5\" data-element_type=\"widget\" data-widget_type=\"text-editor.default\">\n\t\t\t\t<div class=\"elementor-widget-container\">\n\t\t\t\t\t\t\t<p>Cr\u00e9ation de <strong>dessous de verres<\/strong> m\u00ealant <strong>chiens<\/strong> et <strong>\u00e9l\u00e9ments psych\u00e9d\u00e9liques<\/strong>.<\/p>\t\t\t\t\t\t<\/div>\n\t\t\t\t<\/div>\n\t\t\t\t\t<\/div>\n\t\t<\/div>\n\t\t\t\t\t<\/div>\n\t\t<\/section>\n\t\t\t\t<section class=\"elementor-section elementor-top-section elementor-element elementor-element-5ee74614 elementor-section-boxed elementor-section-height-default elementor-section-height-default\" data-id=\"5ee74614\" data-element_type=\"section\">\n\t\t\t\t\t\t<div class=\"elementor-container elementor-column-gap-default\">\n\t\t\t\t\t<div class=\"elementor-column elementor-col-33 elementor-top-column elementor-element elementor-element-60aae583\" data-id=\"60aae583\" data-element_type=\"column\">\n\t\t\t<div class=\"elementor-widget-wrap elementor-element-populated\">\n\t\t\t\t\t\t<div class=\"elementor-element elementor-element-51b22643 animated-slow elementor-invisible elementor-widget elementor-widget-image\" data-id=\"51b22643\" data-element_type=\"widget\" data-settings=\"{&quot;_animation&quot;:&quot;pulse&quot;}\" data-widget_type=\"image.default\">\n\t\t\t\t<div class=\"elementor-widget-container\">\n\t\t\t\t\t\t\t\t\t\t\t\t\t<img fetchpriority=\"high\" decoding=\"async\" width=\"800\" height=\"800\" src=\"https:\/\/clotilde-dubouis.com\/wp-content\/uploads\/2025\/07\/PSD-DOTWORK-1.jpg\" class=\"attachment-large size-large wp-image-3439\" alt=\"\" srcset=\"https:\/\/clotilde-dubouis.com\/wp-content\/uploads\/2025\/07\/PSD-DOTWORK-1.jpg 800w, https:\/\/clotilde-dubouis.com\/wp-content\/uploads\/2025\/07\/PSD-DOTWORK-1-300x300.jpg 300w, https:\/\/clotilde-dubouis.com\/wp-content\/uploads\/2025\/07\/PSD-DOTWORK-1-150x150.jpg 150w, https:\/\/clotilde-dubouis.com\/wp-content\/uploads\/2025\/07\/PSD-DOTWORK-1-768x768.jpg 768w\" sizes=\"(max-width: 800px) 100vw, 800px\" \/>\t\t\t\t\t\t\t\t\t\t\t\t\t<\/div>\n\t\t\t\t<\/div>\n\t\t\t\t\t<\/div>\n\t\t<\/div>\n\t\t\t\t<div class=\"elementor-column elementor-col-33 elementor-top-column elementor-element elementor-element-2ac45d62\" data-id=\"2ac45d62\" data-element_type=\"column\">\n\t\t\t<div class=\"elementor-widget-wrap elementor-element-populated\">\n\t\t\t\t\t\t<div class=\"elementor-element elementor-element-5e2ebb13 animated-slow elementor-invisible elementor-widget elementor-widget-image\" data-id=\"5e2ebb13\" data-element_type=\"widget\" data-settings=\"{&quot;_animation&quot;:&quot;pulse&quot;}\" data-widget_type=\"image.default\">\n\t\t\t\t<div class=\"elementor-widget-container\">\n\t\t\t\t\t\t\t\t\t\t\t\t\t<img decoding=\"async\" width=\"800\" height=\"800\" src=\"https:\/\/clotilde-dubouis.com\/wp-content\/uploads\/2025\/07\/PSD-DOTWORK-2.jpg\" class=\"attachment-large size-large wp-image-3440\" alt=\"\" srcset=\"https:\/\/clotilde-dubouis.com\/wp-content\/uploads\/2025\/07\/PSD-DOTWORK-2.jpg 800w, https:\/\/clotilde-dubouis.com\/wp-content\/uploads\/2025\/07\/PSD-DOTWORK-2-300x300.jpg 300w, https:\/\/clotilde-dubouis.com\/wp-content\/uploads\/2025\/07\/PSD-DOTWORK-2-150x150.jpg 150w, https:\/\/clotilde-dubouis.com\/wp-content\/uploads\/2025\/07\/PSD-DOTWORK-2-768x768.jpg 768w\" sizes=\"(max-width: 800px) 100vw, 800px\" \/>\t\t\t\t\t\t\t\t\t\t\t\t\t<\/div>\n\t\t\t\t<\/div>\n\t\t\t\t\t<\/div>\n\t\t<\/div>\n\t\t\t\t<div class=\"elementor-column elementor-col-33 elementor-top-column elementor-element elementor-element-2cf803f\" data-id=\"2cf803f\" data-element_type=\"column\">\n\t\t\t<div class=\"elementor-widget-wrap elementor-element-populated\">\n\t\t\t\t\t\t<div class=\"elementor-element elementor-element-16ff7de8 animated-slow elementor-invisible elementor-widget elementor-widget-image\" data-id=\"16ff7de8\" data-element_type=\"widget\" data-settings=\"{&quot;_animation&quot;:&quot;pulse&quot;}\" data-widget_type=\"image.default\">\n\t\t\t\t<div class=\"elementor-widget-container\">\n\t\t\t\t\t\t\t\t\t\t\t\t\t<img decoding=\"async\" width=\"800\" height=\"800\" src=\"https:\/\/clotilde-dubouis.com\/wp-content\/uploads\/2025\/07\/PSD-DOTWORK-3.jpg\" class=\"attachment-large size-large wp-image-3441\" alt=\"\" srcset=\"https:\/\/clotilde-dubouis.com\/wp-content\/uploads\/2025\/07\/PSD-DOTWORK-3.jpg 800w, https:\/\/clotilde-dubouis.com\/wp-content\/uploads\/2025\/07\/PSD-DOTWORK-3-300x300.jpg 300w, https:\/\/clotilde-dubouis.com\/wp-content\/uploads\/2025\/07\/PSD-DOTWORK-3-150x150.jpg 150w, https:\/\/clotilde-dubouis.com\/wp-content\/uploads\/2025\/07\/PSD-DOTWORK-3-768x768.jpg 768w\" sizes=\"(max-width: 800px) 100vw, 800px\" \/>\t\t\t\t\t\t\t\t\t\t\t\t\t<\/div>\n\t\t\t\t<\/div>\n\t\t\t\t\t<\/div>\n\t\t<\/div>\n\t\t\t\t\t<\/div>\n\t\t<\/section>\n\t\t\t\t<section class=\"elementor-section elementor-top-section elementor-element elementor-element-c9d1aed elementor-section-boxed elementor-section-height-default elementor-section-height-default\" data-id=\"c9d1aed\" data-element_type=\"section\">\n\t\t\t\t\t\t<div class=\"elementor-container elementor-column-gap-default\">\n\t\t\t\t\t<div class=\"elementor-column elementor-col-100 elementor-top-column elementor-element elementor-element-4c4028b7\" data-id=\"4c4028b7\" data-element_type=\"column\">\n\t\t\t<div class=\"elementor-widget-wrap elementor-element-populated\">\n\t\t\t\t\t\t<div class=\"elementor-element elementor-element-3c24b51c animated-slow elementor-invisible elementor-widget elementor-widget-image\" data-id=\"3c24b51c\" data-element_type=\"widget\" data-settings=\"{&quot;_animation&quot;:&quot;pulse&quot;}\" data-widget_type=\"image.default\">\n\t\t\t\t<div class=\"elementor-widget-container\">\n\t\t\t\t\t\t\t\t\t\t\t\t\t<img loading=\"lazy\" decoding=\"async\" width=\"1200\" height=\"801\" src=\"https:\/\/clotilde-dubouis.com\/wp-content\/uploads\/2025\/07\/10663040.jpg\" class=\"attachment-full size-full wp-image-3462\" alt=\"\" srcset=\"https:\/\/clotilde-dubouis.com\/wp-content\/uploads\/2025\/07\/10663040.jpg 1200w, https:\/\/clotilde-dubouis.com\/wp-content\/uploads\/2025\/07\/10663040-300x200.jpg 300w, https:\/\/clotilde-dubouis.com\/wp-content\/uploads\/2025\/07\/10663040-1024x684.jpg 1024w, https:\/\/clotilde-dubouis.com\/wp-content\/uploads\/2025\/07\/10663040-768x513.jpg 768w, https:\/\/clotilde-dubouis.com\/wp-content\/uploads\/2025\/07\/10663040-930x620.jpg 930w\" sizes=\"(max-width: 1200px) 100vw, 1200px\" \/>\t\t\t\t\t\t\t\t\t\t\t\t\t<\/div>\n\t\t\t\t<\/div>\n\t\t\t\t\t<\/div>\n\t\t<\/div>\n\t\t\t\t\t<\/div>\n\t\t<\/section>\n\t\t\t\t<section class=\"elementor-section elementor-top-section elementor-element elementor-element-80df8dd elementor-section-boxed elementor-section-height-default elementor-section-height-default\" data-id=\"80df8dd\" data-element_type=\"section\">\n\t\t\t\t\t\t<div class=\"elementor-container elementor-column-gap-default\">\n\t\t\t\t\t<div class=\"elementor-column elementor-col-100 elementor-top-column elementor-element elementor-element-2f3d0c4\" data-id=\"2f3d0c4\" data-element_type=\"column\">\n\t\t\t<div class=\"elementor-widget-wrap elementor-element-populated\">\n\t\t\t\t\t\t<div class=\"elementor-element elementor-element-e795f75 animated-slow elementor-invisible elementor-widget elementor-widget-image\" data-id=\"e795f75\" data-element_type=\"widget\" data-settings=\"{&quot;_animation&quot;:&quot;pulse&quot;}\" data-widget_type=\"image.default\">\n\t\t\t\t<div class=\"elementor-widget-container\">\n\t\t\t\t\t\t\t\t\t\t\t\t\t<img loading=\"lazy\" decoding=\"async\" width=\"1600\" height=\"538\" src=\"https:\/\/clotilde-dubouis.com\/wp-content\/uploads\/2025\/07\/dessous-verres.jpg\" class=\"attachment-full size-full wp-image-3460\" alt=\"\" srcset=\"https:\/\/clotilde-dubouis.com\/wp-content\/uploads\/2025\/07\/dessous-verres.jpg 1600w, https:\/\/clotilde-dubouis.com\/wp-content\/uploads\/2025\/07\/dessous-verres-300x101.jpg 300w, https:\/\/clotilde-dubouis.com\/wp-content\/uploads\/2025\/07\/dessous-verres-1024x344.jpg 1024w, https:\/\/clotilde-dubouis.com\/wp-content\/uploads\/2025\/07\/dessous-verres-768x258.jpg 768w, https:\/\/clotilde-dubouis.com\/wp-content\/uploads\/2025\/07\/dessous-verres-1536x516.jpg 1536w\" sizes=\"(max-width: 1600px) 100vw, 1600px\" \/>\t\t\t\t\t\t\t\t\t\t\t\t\t<\/div>\n\t\t\t\t<\/div>\n\t\t\t\t\t<\/div>\n\t\t<\/div>\n\t\t\t\t\t<\/div>\n\t\t<\/section>\n\t\t\t\t<section class=\"elementor-section elementor-top-section elementor-element elementor-element-30ae5a17 elementor-section-boxed elementor-section-height-default elementor-section-height-default\" data-id=\"30ae5a17\" data-element_type=\"section\">\n\t\t\t\t\t\t<div class=\"elementor-container elementor-column-gap-default\">\n\t\t\t\t\t<div class=\"elementor-column elementor-col-50 elementor-top-column elementor-element elementor-element-2138310d\" data-id=\"2138310d\" data-element_type=\"column\">\n\t\t\t<div class=\"elementor-widget-wrap elementor-element-populated\">\n\t\t\t\t\t\t<div class=\"elementor-element elementor-element-2696bc animated-slow elementor-invisible elementor-widget elementor-widget-image\" data-id=\"2696bc\" data-element_type=\"widget\" data-settings=\"{&quot;_animation&quot;:&quot;pulse&quot;}\" data-widget_type=\"image.default\">\n\t\t\t\t<div class=\"elementor-widget-container\">\n\t\t\t\t\t\t\t\t\t\t\t\t\t<img loading=\"lazy\" decoding=\"async\" width=\"1024\" height=\"768\" src=\"https:\/\/clotilde-dubouis.com\/wp-content\/uploads\/2025\/07\/10614045--1024x768.jpg\" class=\"attachment-large size-large wp-image-3478\" alt=\"\" srcset=\"https:\/\/clotilde-dubouis.com\/wp-content\/uploads\/2025\/07\/10614045--1024x768.jpg 1024w, https:\/\/clotilde-dubouis.com\/wp-content\/uploads\/2025\/07\/10614045--300x225.jpg 300w, https:\/\/clotilde-dubouis.com\/wp-content\/uploads\/2025\/07\/10614045--768x576.jpg 768w, https:\/\/clotilde-dubouis.com\/wp-content\/uploads\/2025\/07\/10614045-.jpg 1066w\" sizes=\"(max-width: 1024px) 100vw, 1024px\" \/>\t\t\t\t\t\t\t\t\t\t\t\t\t<\/div>\n\t\t\t\t<\/div>\n\t\t\t\t\t<\/div>\n\t\t<\/div>\n\t\t\t\t<div class=\"elementor-column elementor-col-50 elementor-top-column elementor-element elementor-element-76db50ce\" data-id=\"76db50ce\" data-element_type=\"column\">\n\t\t\t<div class=\"elementor-widget-wrap elementor-element-populated\">\n\t\t\t\t\t\t<div class=\"elementor-element elementor-element-1145fbf1 animated-slow elementor-invisible elementor-widget elementor-widget-image\" data-id=\"1145fbf1\" data-element_type=\"widget\" data-settings=\"{&quot;_animation&quot;:&quot;pulse&quot;}\" data-widget_type=\"image.default\">\n\t\t\t\t<div class=\"elementor-widget-container\">\n\t\t\t\t\t\t\t\t\t\t\t\t\t<img loading=\"lazy\" decoding=\"async\" width=\"1024\" height=\"768\" src=\"https:\/\/clotilde-dubouis.com\/wp-content\/uploads\/2025\/07\/10662962--1024x768.jpg\" class=\"attachment-large size-large wp-image-3479\" alt=\"\" srcset=\"https:\/\/clotilde-dubouis.com\/wp-content\/uploads\/2025\/07\/10662962--1024x768.jpg 1024w, https:\/\/clotilde-dubouis.com\/wp-content\/uploads\/2025\/07\/10662962--300x225.jpg 300w, https:\/\/clotilde-dubouis.com\/wp-content\/uploads\/2025\/07\/10662962--768x576.jpg 768w, https:\/\/clotilde-dubouis.com\/wp-content\/uploads\/2025\/07\/10662962-.jpg 1202w\" sizes=\"(max-width: 1024px) 100vw, 1024px\" \/>\t\t\t\t\t\t\t\t\t\t\t\t\t<\/div>\n\t\t\t\t<\/div>\n\t\t\t\t\t<\/div>\n\t\t<\/div>\n\t\t\t\t\t<\/div>\n\t\t<\/section>\n\t\t\t\t<section class=\"elementor-section elementor-top-section elementor-element elementor-element-3e63472e elementor-section-boxed elementor-section-height-default elementor-section-height-default\" data-id=\"3e63472e\" data-element_type=\"section\">\n\t\t\t\t\t\t<div class=\"elementor-container elementor-column-gap-default\">\n\t\t\t\t\t<div class=\"elementor-column elementor-col-100 elementor-top-column elementor-element elementor-element-752b4e4f\" data-id=\"752b4e4f\" data-element_type=\"column\">\n\t\t\t<div class=\"elementor-widget-wrap elementor-element-populated\">\n\t\t\t\t\t\t<div class=\"elementor-element elementor-element-74451ecc elementor-widget elementor-widget-spacer\" data-id=\"74451ecc\" data-element_type=\"widget\" data-widget_type=\"spacer.default\">\n\t\t\t\t<div class=\"elementor-widget-container\">\n\t\t\t\t\t<div class=\"elementor-spacer\">\n\t\t\t<div class=\"elementor-spacer-inner\"><\/div>\n\t\t<\/div>\n\t\t\t\t<\/div>\n\t\t\t\t<\/div>\n\t\t\t\t<div class=\"elementor-element elementor-element-4cf2079d elementor-align-center elementor-widget elementor-widget-button\" data-id=\"4cf2079d\" data-element_type=\"widget\" data-widget_type=\"button.default\">\n\t\t\t\t<div class=\"elementor-widget-container\">\n\t\t\t\t\t\t\t<div class=\"elementor-button-wrapper\">\n\t\t\t\t\t<a class=\"elementor-button elementor-button-link elementor-size-sm\" href=\"https:\/\/clotilde-dubouis.com\/index.php\/editions-bionnay\/\">\n\t\t\t\t\t\t<span class=\"elementor-button-content-wrapper\">\n\t\t\t\t\t\t\t\t\t<span class=\"elementor-button-text\">\u2192<\/span>\n\t\t\t\t\t<\/span>\n\t\t\t\t\t<\/a>\n\t\t\t\t<\/div>\n\t\t\t\t\t\t<\/div>\n\t\t\t\t<\/div>\n\t\t\t\t<div class=\"elementor-element elementor-element-46514f6c elementor-widget elementor-widget-spacer\" data-id=\"46514f6c\" data-element_type=\"widget\" data-widget_type=\"spacer.default\">\n\t\t\t\t<div class=\"elementor-widget-container\">\n\t\t\t\t\t<div class=\"elementor-spacer\">\n\t\t\t<div class=\"elementor-spacer-inner\"><\/div>\n\t\t<\/div>\n\t\t\t\t<\/div>\n\t\t\t\t<\/div>\n\t\t\t\t\t<\/div>\n\t\t<\/div>\n\t\t\t\t\t<\/div>\n\t\t<\/section>\n\t\t\t\t<\/div>\n\t\t","protected":false},"excerpt":{"rendered":"<p>Cr\u00e9ation de dessous de verres m\u00ealant chiens et \u00e9l\u00e9ments psych\u00e9d\u00e9liques. \u2192<\/p>\n","protected":false},"author":1,"featured_media":0,"parent":0,"menu_order":0,"comment_status":"closed","ping_status":"closed","template":"","meta":{"neve_meta_sidebar":"","neve_meta_container":"","neve_meta_enable_content_width":"","neve_meta_content_width":0,"neve_meta_title_alignment":"","neve_meta_author_avatar":"","neve_post_elements_order":"","neve_meta_disable_header":"","neve_meta_disable_footer":"","neve_meta_disable_title":"","_ti_tpc_template_sync":false,"_ti_tpc_template_id":"","footnotes":""},"class_list":["post-3436","page","type-page","status-publish","hentry"],"_links":{"self":[{"href":"https:\/\/clotilde-dubouis.com\/index.php\/wp-json\/wp\/v2\/pages\/3436","targetHints":{"allow":["GET"]}}],"collection":[{"href":"https:\/\/clotilde-dubouis.com\/index.php\/wp-json\/wp\/v2\/pages"}],"about":[{"href":"https:\/\/clotilde-dubouis.com\/index.php\/wp-json\/wp\/v2\/types\/page"}],"author":[{"embeddable":true,"href":"https:\/\/clotilde-dubouis.com\/index.php\/wp-json\/wp\/v2\/users\/1"}],"replies":[{"embeddable":true,"href":"https:\/\/clotilde-dubouis.com\/index.php\/wp-json\/wp\/v2\/comments?post=3436"}],"version-history":[{"count":28,"href":"https:\/\/clotilde-dubouis.com\/index.php\/wp-json\/wp\/v2\/pages\/3436\/revisions"}],"predecessor-version":[{"id":3556,"href":"https:\/\/clotilde-dubouis.com\/index.php\/wp-json\/wp\/v2\/pages\/3436\/revisions\/3556"}],"wp:attachment":[{"href":"https:\/\/clotilde-dubouis.com\/index.php\/wp-json\/wp\/v2\/media?parent=3436"}],"curies":[{"name":"wp","href":"https:\/\/api.w.org\/{rel}","templated":true}]}}