{"id":3484,"date":"2025-08-28T10:48:46","date_gmt":"2025-08-28T08:48:46","guid":{"rendered":"https:\/\/clotilde-dubouis.com\/?page_id=3484"},"modified":"2025-08-28T15:11:14","modified_gmt":"2025-08-28T13:11:14","slug":"boite-absurde","status":"publish","type":"page","link":"https:\/\/clotilde-dubouis.com\/index.php\/boite-absurde\/","title":{"rendered":"Bo\u00eete absurde"},"content":{"rendered":"\t\t<div data-elementor-type=\"wp-page\" data-elementor-id=\"3484\" class=\"elementor elementor-3484\">\n\t\t\t\t\t\t<section class=\"elementor-section elementor-top-section elementor-element elementor-element-64b1a007 elementor-section-stretched elementor-section-boxed elementor-section-height-default elementor-section-height-default\" data-id=\"64b1a007\" data-element_type=\"section\" data-settings=\"{&quot;stretch_section&quot;:&quot;section-stretched&quot;,&quot;background_background&quot;:&quot;classic&quot;}\">\n\t\t\t\t\t\t<div class=\"elementor-container elementor-column-gap-default\">\n\t\t\t\t\t<div class=\"elementor-column elementor-col-100 elementor-top-column elementor-element elementor-element-513887be\" data-id=\"513887be\" data-element_type=\"column\">\n\t\t\t<div class=\"elementor-widget-wrap elementor-element-populated\">\n\t\t\t\t\t\t<div class=\"elementor-element elementor-element-44ec3207 elementor-widget elementor-widget-spacer\" data-id=\"44ec3207\" data-element_type=\"widget\" data-widget_type=\"spacer.default\">\n\t\t\t\t<div class=\"elementor-widget-container\">\n\t\t\t\t\t<div class=\"elementor-spacer\">\n\t\t\t<div class=\"elementor-spacer-inner\"><\/div>\n\t\t<\/div>\n\t\t\t\t<\/div>\n\t\t\t\t<\/div>\n\t\t\t\t<div class=\"elementor-element elementor-element-6530d5c1 elementor-widget elementor-widget-text-editor\" data-id=\"6530d5c1\" data-element_type=\"widget\" data-widget_type=\"text-editor.default\">\n\t\t\t\t<div class=\"elementor-widget-container\">\n\t\t\t\t\t\t\t<p>Cr\u00e9ation d&rsquo;une <strong>bo\u00eete absurde<\/strong> avec des <strong>collages num\u00e9riques<\/strong>, m\u00ealant des \u00e9l\u00e9ments <strong>myst\u00e9rieux, <\/strong>cr\u00e9\u00e9s \u00e0 partir de <strong>collages analogiques<\/strong> et avec l&rsquo;aide de l&rsquo;intelligence artificielle.<\/p>\t\t\t\t\t\t<\/div>\n\t\t\t\t<\/div>\n\t\t\t\t\t<\/div>\n\t\t<\/div>\n\t\t\t\t\t<\/div>\n\t\t<\/section>\n\t\t\t\t<section class=\"elementor-section elementor-top-section elementor-element elementor-element-1d53d43b elementor-section-boxed elementor-section-height-default elementor-section-height-default\" data-id=\"1d53d43b\" data-element_type=\"section\">\n\t\t\t\t\t\t<div class=\"elementor-container elementor-column-gap-default\">\n\t\t\t\t\t<div class=\"elementor-column elementor-col-25 elementor-top-column elementor-element elementor-element-458bd4b\" data-id=\"458bd4b\" data-element_type=\"column\">\n\t\t\t<div class=\"elementor-widget-wrap\">\n\t\t\t\t\t\t\t<\/div>\n\t\t<\/div>\n\t\t\t\t<div class=\"elementor-column elementor-col-50 elementor-top-column elementor-element elementor-element-5e0845dd\" data-id=\"5e0845dd\" data-element_type=\"column\">\n\t\t\t<div class=\"elementor-widget-wrap elementor-element-populated\">\n\t\t\t\t\t\t<div class=\"elementor-element elementor-element-2ecd307b animated-slow elementor-invisible elementor-widget elementor-widget-image\" data-id=\"2ecd307b\" data-element_type=\"widget\" data-settings=\"{&quot;_animation&quot;:&quot;pulse&quot;}\" data-widget_type=\"image.default\">\n\t\t\t\t<div class=\"elementor-widget-container\">\n\t\t\t\t\t\t\t\t\t\t\t\t\t<img fetchpriority=\"high\" decoding=\"async\" width=\"1024\" height=\"829\" src=\"https:\/\/clotilde-dubouis.com\/wp-content\/uploads\/2025\/08\/square_box_mockup_showcase-1024x829.jpg\" class=\"attachment-large size-large wp-image-3505\" alt=\"\" srcset=\"https:\/\/clotilde-dubouis.com\/wp-content\/uploads\/2025\/08\/square_box_mockup_showcase-1024x829.jpg 1024w, https:\/\/clotilde-dubouis.com\/wp-content\/uploads\/2025\/08\/square_box_mockup_showcase-300x243.jpg 300w, https:\/\/clotilde-dubouis.com\/wp-content\/uploads\/2025\/08\/square_box_mockup_showcase-768x621.jpg 768w, https:\/\/clotilde-dubouis.com\/wp-content\/uploads\/2025\/08\/square_box_mockup_showcase.jpg 1200w\" sizes=\"(max-width: 1024px) 100vw, 1024px\" \/>\t\t\t\t\t\t\t\t\t\t\t\t\t<\/div>\n\t\t\t\t<\/div>\n\t\t\t\t\t<\/div>\n\t\t<\/div>\n\t\t\t\t<div class=\"elementor-column elementor-col-25 elementor-top-column elementor-element elementor-element-6d4d33f1\" data-id=\"6d4d33f1\" data-element_type=\"column\">\n\t\t\t<div class=\"elementor-widget-wrap\">\n\t\t\t\t\t\t\t<\/div>\n\t\t<\/div>\n\t\t\t\t\t<\/div>\n\t\t<\/section>\n\t\t\t\t<section class=\"elementor-section elementor-top-section elementor-element elementor-element-44b1188 elementor-section-boxed elementor-section-height-default elementor-section-height-default\" data-id=\"44b1188\" data-element_type=\"section\">\n\t\t\t\t\t\t<div class=\"elementor-container elementor-column-gap-default\">\n\t\t\t\t\t<div class=\"elementor-column elementor-col-33 elementor-top-column elementor-element elementor-element-13259eca\" data-id=\"13259eca\" data-element_type=\"column\">\n\t\t\t<div class=\"elementor-widget-wrap elementor-element-populated\">\n\t\t\t\t\t\t<div class=\"elementor-element elementor-element-f085bd animated-slow elementor-invisible elementor-widget elementor-widget-image\" data-id=\"f085bd\" data-element_type=\"widget\" data-settings=\"{&quot;_animation&quot;:&quot;pulse&quot;}\" data-widget_type=\"image.default\">\n\t\t\t\t<div class=\"elementor-widget-container\">\n\t\t\t\t\t\t\t\t\t\t\t\t\t<img decoding=\"async\" width=\"1024\" height=\"1024\" src=\"https:\/\/clotilde-dubouis.com\/wp-content\/uploads\/2025\/08\/A-1024x1024.jpg\" class=\"attachment-large size-large wp-image-3489\" alt=\"\" srcset=\"https:\/\/clotilde-dubouis.com\/wp-content\/uploads\/2025\/08\/A-1024x1024.jpg 1024w, https:\/\/clotilde-dubouis.com\/wp-content\/uploads\/2025\/08\/A-300x300.jpg 300w, https:\/\/clotilde-dubouis.com\/wp-content\/uploads\/2025\/08\/A-150x150.jpg 150w, https:\/\/clotilde-dubouis.com\/wp-content\/uploads\/2025\/08\/A-768x768.jpg 768w, https:\/\/clotilde-dubouis.com\/wp-content\/uploads\/2025\/08\/A.jpg 1200w\" sizes=\"(max-width: 1024px) 100vw, 1024px\" \/>\t\t\t\t\t\t\t\t\t\t\t\t\t<\/div>\n\t\t\t\t<\/div>\n\t\t\t\t\t<\/div>\n\t\t<\/div>\n\t\t\t\t<div class=\"elementor-column elementor-col-33 elementor-top-column elementor-element elementor-element-6bc6f10\" data-id=\"6bc6f10\" data-element_type=\"column\">\n\t\t\t<div class=\"elementor-widget-wrap elementor-element-populated\">\n\t\t\t\t\t\t<div class=\"elementor-element elementor-element-e40a3d2 animated-slow elementor-invisible elementor-widget elementor-widget-image\" data-id=\"e40a3d2\" data-element_type=\"widget\" data-settings=\"{&quot;_animation&quot;:&quot;pulse&quot;}\" data-widget_type=\"image.default\">\n\t\t\t\t<div class=\"elementor-widget-container\">\n\t\t\t\t\t\t\t\t\t\t\t\t\t<img decoding=\"async\" width=\"1024\" height=\"1024\" src=\"https:\/\/clotilde-dubouis.com\/wp-content\/uploads\/2025\/08\/B-1024x1024.jpg\" class=\"attachment-large size-large wp-image-3490\" alt=\"\" srcset=\"https:\/\/clotilde-dubouis.com\/wp-content\/uploads\/2025\/08\/B-1024x1024.jpg 1024w, https:\/\/clotilde-dubouis.com\/wp-content\/uploads\/2025\/08\/B-300x300.jpg 300w, https:\/\/clotilde-dubouis.com\/wp-content\/uploads\/2025\/08\/B-150x150.jpg 150w, https:\/\/clotilde-dubouis.com\/wp-content\/uploads\/2025\/08\/B-768x768.jpg 768w, https:\/\/clotilde-dubouis.com\/wp-content\/uploads\/2025\/08\/B.jpg 1200w\" sizes=\"(max-width: 1024px) 100vw, 1024px\" \/>\t\t\t\t\t\t\t\t\t\t\t\t\t<\/div>\n\t\t\t\t<\/div>\n\t\t\t\t\t<\/div>\n\t\t<\/div>\n\t\t\t\t<div class=\"elementor-column elementor-col-33 elementor-top-column elementor-element elementor-element-f517278\" data-id=\"f517278\" data-element_type=\"column\">\n\t\t\t<div class=\"elementor-widget-wrap elementor-element-populated\">\n\t\t\t\t\t\t<div class=\"elementor-element elementor-element-c245fab animated-slow elementor-invisible elementor-widget elementor-widget-image\" data-id=\"c245fab\" data-element_type=\"widget\" data-settings=\"{&quot;_animation&quot;:&quot;pulse&quot;}\" data-widget_type=\"image.default\">\n\t\t\t\t<div class=\"elementor-widget-container\">\n\t\t\t\t\t\t\t\t\t\t\t\t\t<img loading=\"lazy\" decoding=\"async\" width=\"1024\" height=\"1024\" src=\"https:\/\/clotilde-dubouis.com\/wp-content\/uploads\/2025\/08\/C-1024x1024.jpg\" class=\"attachment-large size-large wp-image-3491\" alt=\"\" srcset=\"https:\/\/clotilde-dubouis.com\/wp-content\/uploads\/2025\/08\/C-1024x1024.jpg 1024w, https:\/\/clotilde-dubouis.com\/wp-content\/uploads\/2025\/08\/C-300x300.jpg 300w, https:\/\/clotilde-dubouis.com\/wp-content\/uploads\/2025\/08\/C-150x150.jpg 150w, https:\/\/clotilde-dubouis.com\/wp-content\/uploads\/2025\/08\/C-768x768.jpg 768w, https:\/\/clotilde-dubouis.com\/wp-content\/uploads\/2025\/08\/C.jpg 1200w\" sizes=\"(max-width: 1024px) 100vw, 1024px\" \/>\t\t\t\t\t\t\t\t\t\t\t\t\t<\/div>\n\t\t\t\t<\/div>\n\t\t\t\t\t<\/div>\n\t\t<\/div>\n\t\t\t\t\t<\/div>\n\t\t<\/section>\n\t\t\t\t<section class=\"elementor-section elementor-top-section elementor-element elementor-element-23f6eb7 elementor-section-boxed elementor-section-height-default elementor-section-height-default\" data-id=\"23f6eb7\" data-element_type=\"section\">\n\t\t\t\t\t\t<div class=\"elementor-container elementor-column-gap-default\">\n\t\t\t\t\t<div class=\"elementor-column elementor-col-33 elementor-top-column elementor-element elementor-element-81c3d03\" data-id=\"81c3d03\" data-element_type=\"column\">\n\t\t\t<div class=\"elementor-widget-wrap elementor-element-populated\">\n\t\t\t\t\t\t<div class=\"elementor-element elementor-element-9eece9b animated-slow elementor-invisible elementor-widget elementor-widget-image\" data-id=\"9eece9b\" data-element_type=\"widget\" data-settings=\"{&quot;_animation&quot;:&quot;pulse&quot;}\" data-widget_type=\"image.default\">\n\t\t\t\t<div class=\"elementor-widget-container\">\n\t\t\t\t\t\t\t\t\t\t\t\t\t<img loading=\"lazy\" decoding=\"async\" width=\"1024\" height=\"1024\" src=\"https:\/\/clotilde-dubouis.com\/wp-content\/uploads\/2025\/08\/D-1024x1024.jpg\" class=\"attachment-large size-large wp-image-3492\" alt=\"\" srcset=\"https:\/\/clotilde-dubouis.com\/wp-content\/uploads\/2025\/08\/D-1024x1024.jpg 1024w, https:\/\/clotilde-dubouis.com\/wp-content\/uploads\/2025\/08\/D-300x300.jpg 300w, https:\/\/clotilde-dubouis.com\/wp-content\/uploads\/2025\/08\/D-150x150.jpg 150w, https:\/\/clotilde-dubouis.com\/wp-content\/uploads\/2025\/08\/D-768x768.jpg 768w, https:\/\/clotilde-dubouis.com\/wp-content\/uploads\/2025\/08\/D.jpg 1200w\" sizes=\"(max-width: 1024px) 100vw, 1024px\" \/>\t\t\t\t\t\t\t\t\t\t\t\t\t<\/div>\n\t\t\t\t<\/div>\n\t\t\t\t\t<\/div>\n\t\t<\/div>\n\t\t\t\t<div class=\"elementor-column elementor-col-33 elementor-top-column elementor-element elementor-element-ba728bf\" data-id=\"ba728bf\" data-element_type=\"column\">\n\t\t\t<div class=\"elementor-widget-wrap elementor-element-populated\">\n\t\t\t\t\t\t<div class=\"elementor-element elementor-element-c374901 animated-slow elementor-invisible elementor-widget elementor-widget-image\" data-id=\"c374901\" data-element_type=\"widget\" data-settings=\"{&quot;_animation&quot;:&quot;pulse&quot;}\" data-widget_type=\"image.default\">\n\t\t\t\t<div class=\"elementor-widget-container\">\n\t\t\t\t\t\t\t\t\t\t\t\t\t<img loading=\"lazy\" decoding=\"async\" width=\"1024\" height=\"1024\" src=\"https:\/\/clotilde-dubouis.com\/wp-content\/uploads\/2025\/08\/E-1024x1024.jpg\" class=\"attachment-large size-large wp-image-3493\" alt=\"\" srcset=\"https:\/\/clotilde-dubouis.com\/wp-content\/uploads\/2025\/08\/E-1024x1024.jpg 1024w, https:\/\/clotilde-dubouis.com\/wp-content\/uploads\/2025\/08\/E-300x300.jpg 300w, https:\/\/clotilde-dubouis.com\/wp-content\/uploads\/2025\/08\/E-150x150.jpg 150w, https:\/\/clotilde-dubouis.com\/wp-content\/uploads\/2025\/08\/E-768x768.jpg 768w, https:\/\/clotilde-dubouis.com\/wp-content\/uploads\/2025\/08\/E.jpg 1200w\" sizes=\"(max-width: 1024px) 100vw, 1024px\" \/>\t\t\t\t\t\t\t\t\t\t\t\t\t<\/div>\n\t\t\t\t<\/div>\n\t\t\t\t\t<\/div>\n\t\t<\/div>\n\t\t\t\t<div class=\"elementor-column elementor-col-33 elementor-top-column elementor-element elementor-element-73de81b\" data-id=\"73de81b\" data-element_type=\"column\">\n\t\t\t<div class=\"elementor-widget-wrap elementor-element-populated\">\n\t\t\t\t\t\t<div class=\"elementor-element elementor-element-c89bcbe animated-slow elementor-invisible elementor-widget elementor-widget-image\" data-id=\"c89bcbe\" data-element_type=\"widget\" data-settings=\"{&quot;_animation&quot;:&quot;pulse&quot;}\" data-widget_type=\"image.default\">\n\t\t\t\t<div class=\"elementor-widget-container\">\n\t\t\t\t\t\t\t\t\t\t\t\t\t<img loading=\"lazy\" decoding=\"async\" width=\"1024\" height=\"1024\" src=\"https:\/\/clotilde-dubouis.com\/wp-content\/uploads\/2025\/08\/F-1024x1024.jpg\" class=\"attachment-large size-large wp-image-3494\" alt=\"\" srcset=\"https:\/\/clotilde-dubouis.com\/wp-content\/uploads\/2025\/08\/F-1024x1024.jpg 1024w, https:\/\/clotilde-dubouis.com\/wp-content\/uploads\/2025\/08\/F-300x300.jpg 300w, https:\/\/clotilde-dubouis.com\/wp-content\/uploads\/2025\/08\/F-150x150.jpg 150w, https:\/\/clotilde-dubouis.com\/wp-content\/uploads\/2025\/08\/F-768x768.jpg 768w, https:\/\/clotilde-dubouis.com\/wp-content\/uploads\/2025\/08\/F.jpg 1200w\" sizes=\"(max-width: 1024px) 100vw, 1024px\" \/>\t\t\t\t\t\t\t\t\t\t\t\t\t<\/div>\n\t\t\t\t<\/div>\n\t\t\t\t\t<\/div>\n\t\t<\/div>\n\t\t\t\t\t<\/div>\n\t\t<\/section>\n\t\t\t\t<section class=\"elementor-section elementor-top-section elementor-element elementor-element-b2cf6f6 elementor-section-boxed elementor-section-height-default elementor-section-height-default\" data-id=\"b2cf6f6\" data-element_type=\"section\">\n\t\t\t\t\t\t<div class=\"elementor-container elementor-column-gap-default\">\n\t\t\t\t\t<div class=\"elementor-column elementor-col-25 elementor-top-column elementor-element elementor-element-487bb7a\" data-id=\"487bb7a\" data-element_type=\"column\">\n\t\t\t<div class=\"elementor-widget-wrap\">\n\t\t\t\t\t\t\t<\/div>\n\t\t<\/div>\n\t\t\t\t<div class=\"elementor-column elementor-col-50 elementor-top-column elementor-element elementor-element-8f13b9d\" data-id=\"8f13b9d\" data-element_type=\"column\">\n\t\t\t<div class=\"elementor-widget-wrap elementor-element-populated\">\n\t\t\t\t\t\t<div class=\"elementor-element elementor-element-2b12544 animated-slow elementor-invisible elementor-widget elementor-widget-image\" data-id=\"2b12544\" data-element_type=\"widget\" data-settings=\"{&quot;_animation&quot;:&quot;pulse&quot;}\" data-widget_type=\"image.default\">\n\t\t\t\t<div class=\"elementor-widget-container\">\n\t\t\t\t\t\t\t\t\t\t\t\t\t<img loading=\"lazy\" decoding=\"async\" width=\"1024\" height=\"768\" src=\"https:\/\/clotilde-dubouis.com\/wp-content\/uploads\/2025\/08\/02-Cosmetic-Box-Packaging--1024x768.jpg\" class=\"attachment-large size-large wp-image-3507\" alt=\"\" srcset=\"https:\/\/clotilde-dubouis.com\/wp-content\/uploads\/2025\/08\/02-Cosmetic-Box-Packaging--1024x768.jpg 1024w, https:\/\/clotilde-dubouis.com\/wp-content\/uploads\/2025\/08\/02-Cosmetic-Box-Packaging--300x225.jpg 300w, https:\/\/clotilde-dubouis.com\/wp-content\/uploads\/2025\/08\/02-Cosmetic-Box-Packaging--768x576.jpg 768w, https:\/\/clotilde-dubouis.com\/wp-content\/uploads\/2025\/08\/02-Cosmetic-Box-Packaging-.jpg 1045w\" sizes=\"(max-width: 1024px) 100vw, 1024px\" \/>\t\t\t\t\t\t\t\t\t\t\t\t\t<\/div>\n\t\t\t\t<\/div>\n\t\t\t\t\t<\/div>\n\t\t<\/div>\n\t\t\t\t<div class=\"elementor-column elementor-col-25 elementor-top-column elementor-element elementor-element-853b6ef\" data-id=\"853b6ef\" data-element_type=\"column\">\n\t\t\t<div class=\"elementor-widget-wrap\">\n\t\t\t\t\t\t\t<\/div>\n\t\t<\/div>\n\t\t\t\t\t<\/div>\n\t\t<\/section>\n\t\t\t\t<section class=\"elementor-section elementor-top-section elementor-element elementor-element-5dbfcd27 elementor-section-boxed elementor-section-height-default elementor-section-height-default\" data-id=\"5dbfcd27\" data-element_type=\"section\">\n\t\t\t\t\t\t<div class=\"elementor-container elementor-column-gap-default\">\n\t\t\t\t\t<div class=\"elementor-column elementor-col-100 elementor-top-column elementor-element elementor-element-63215902\" data-id=\"63215902\" data-element_type=\"column\">\n\t\t\t<div class=\"elementor-widget-wrap elementor-element-populated\">\n\t\t\t\t\t\t<div class=\"elementor-element elementor-element-697fc64a elementor-widget elementor-widget-spacer\" data-id=\"697fc64a\" data-element_type=\"widget\" data-widget_type=\"spacer.default\">\n\t\t\t\t<div class=\"elementor-widget-container\">\n\t\t\t\t\t<div class=\"elementor-spacer\">\n\t\t\t<div class=\"elementor-spacer-inner\"><\/div>\n\t\t<\/div>\n\t\t\t\t<\/div>\n\t\t\t\t<\/div>\n\t\t\t\t<div class=\"elementor-element elementor-element-6df370e3 elementor-align-center elementor-widget elementor-widget-button\" data-id=\"6df370e3\" data-element_type=\"widget\" data-widget_type=\"button.default\">\n\t\t\t\t<div class=\"elementor-widget-container\">\n\t\t\t\t\t\t\t<div class=\"elementor-button-wrapper\">\n\t\t\t\t\t<a class=\"elementor-button elementor-button-link elementor-size-sm\" href=\"https:\/\/clotilde-dubouis.com\/index.php\/cest-les-vacances\/\">\n\t\t\t\t\t\t<span class=\"elementor-button-content-wrapper\">\n\t\t\t\t\t\t\t\t\t<span class=\"elementor-button-text\">\u2192<\/span>\n\t\t\t\t\t<\/span>\n\t\t\t\t\t<\/a>\n\t\t\t\t<\/div>\n\t\t\t\t\t\t<\/div>\n\t\t\t\t<\/div>\n\t\t\t\t<div class=\"elementor-element elementor-element-312cb783 elementor-widget elementor-widget-spacer\" data-id=\"312cb783\" data-element_type=\"widget\" data-widget_type=\"spacer.default\">\n\t\t\t\t<div class=\"elementor-widget-container\">\n\t\t\t\t\t<div class=\"elementor-spacer\">\n\t\t\t<div class=\"elementor-spacer-inner\"><\/div>\n\t\t<\/div>\n\t\t\t\t<\/div>\n\t\t\t\t<\/div>\n\t\t\t\t\t<\/div>\n\t\t<\/div>\n\t\t\t\t\t<\/div>\n\t\t<\/section>\n\t\t\t\t<\/div>\n\t\t","protected":false},"excerpt":{"rendered":"<p>Cr\u00e9ation d&rsquo;une bo\u00eete absurde avec des collages num\u00e9riques, m\u00ealant des \u00e9l\u00e9ments myst\u00e9rieux, cr\u00e9\u00e9s \u00e0 partir de collages analogiques et avec l&rsquo;aide de l&rsquo;intelligence artificielle. \u2192<\/p>\n","protected":false},"author":1,"featured_media":0,"parent":0,"menu_order":0,"comment_status":"closed","ping_status":"closed","template":"","meta":{"neve_meta_sidebar":"","neve_meta_container":"","neve_meta_enable_content_width":"","neve_meta_content_width":0,"neve_meta_title_alignment":"","neve_meta_author_avatar":"","neve_post_elements_order":"","neve_meta_disable_header":"","neve_meta_disable_footer":"","neve_meta_disable_title":"","_ti_tpc_template_sync":false,"_ti_tpc_template_id":"","footnotes":""},"class_list":["post-3484","page","type-page","status-publish","hentry"],"_links":{"self":[{"href":"https:\/\/clotilde-dubouis.com\/index.php\/wp-json\/wp\/v2\/pages\/3484","targetHints":{"allow":["GET"]}}],"collection":[{"href":"https:\/\/clotilde-dubouis.com\/index.php\/wp-json\/wp\/v2\/pages"}],"about":[{"href":"https:\/\/clotilde-dubouis.com\/index.php\/wp-json\/wp\/v2\/types\/page"}],"author":[{"embeddable":true,"href":"https:\/\/clotilde-dubouis.com\/index.php\/wp-json\/wp\/v2\/users\/1"}],"replies":[{"embeddable":true,"href":"https:\/\/clotilde-dubouis.com\/index.php\/wp-json\/wp\/v2\/comments?post=3484"}],"version-history":[{"count":23,"href":"https:\/\/clotilde-dubouis.com\/index.php\/wp-json\/wp\/v2\/pages\/3484\/revisions"}],"predecessor-version":[{"id":3599,"href":"https:\/\/clotilde-dubouis.com\/index.php\/wp-json\/wp\/v2\/pages\/3484\/revisions\/3599"}],"wp:attachment":[{"href":"https:\/\/clotilde-dubouis.com\/index.php\/wp-json\/wp\/v2\/media?parent=3484"}],"curies":[{"name":"wp","href":"https:\/\/api.w.org\/{rel}","templated":true}]}}